{"id":18,"date":"2021-02-22T11:34:50","date_gmt":"2021-02-22T11:34:50","guid":{"rendered":"https:\/\/pedrerademeia.geoparcorigens.cat\/?page_id=18"},"modified":"2025-04-02T09:00:00","modified_gmt":"2025-04-02T09:00:00","slug":"pagina-principal","status":"publish","type":"page","link":"https:\/\/pedrerademeia.geoparcorigens.cat\/ca\/","title":{"rendered":"P\u00e0gina principal"},"content":{"rendered":"\n<div class=\"cont--text-carousel bg_grey\">\n\n    <div class=\"cont--title\">\n        <h2>El Geoparc Or\u00edgens<\/h2>\n    <\/div>\n\n    \n    <div class=\"items--text-carousel owl-carousel\">\n\n        \n            \n                <div class=\"item content--text-carousel-item\">\n                                        <div class=\"cont--text\">\n                        <p>El Geoparc Or\u00edgens, situat als Pirineus catalans, presenta una riquesa geol\u00f2gica extraordin\u00e1ria, fet que ha perm\u00e8s que des de l\u2019any 2018 formi part de la Xarxa Mundial de Geoparcs de la UNESCO.<\/p>\n<p>Aquest territori de 2.040 quil\u00f2metres quadrats de superf\u00edcie inclou 19 municipis distribu\u00efts en 4 comarques: el Pallars Juss\u00e0, la Noguera, l\u2019Alt Urgell i el Pallars Sobir\u00e0.<\/p>\n                    <\/div>\n                <\/div>\n\n            \n                <div class=\"item content--text-carousel-item\">\n                                        <div class=\"cont--text\">\n                        <p>El Geoparc Or\u00edgens ofereix nombroses activitats que permeten realitzar un aut\u00e8ntic viatge en el temps per descobrir els or\u00edgens de l\u2019evoluci\u00f3 de la Terra i de la vida, des del Big Bang fins als nostres dies.<\/p>\n<p>Els geoparcs s\u00f3n territoris habitats amb valors geol\u00f2gics excepcionals reconeguts per la UNESCO que contribueixen al desenvolupament local sostenible a trav\u00e9s de la conservaci\u00f3 i promoci\u00f3 del seu patrimoni geol\u00f2gic, natural i cultural.<\/p>\n                    <\/div>\n                <\/div>\n\n            \n                <div class=\"item content--text-carousel-item\">\n                                        <div class=\"cont--text\">\n                        <p>El portal web que aqui es presenta permet la divulgaci\u00f3 de l\u2019excepcional registre f\u00f2ssil de la Pedrera de Mei\u00e0 a nivell cient\u00edfic, educatiu i divulgatiu.<\/p>\n<p>La pedrera de Mei\u00e0, situada dins del del Geoparc Or\u00edgens, \u00e9s considerada un dels elements geol\u00f2gics m\u00e9s excepcionals d\u2019aquest territori.<\/p>\n<p>&nbsp;<\/p>\n                    <\/div>\n                <\/div>\n\n            \n                <div class=\"item content--text-carousel-item\">\n                                        <div class=\"cont--text\">\n                        <p>Alguns dels objectius del web son:<\/p>\n<p>(1) permetre l\u2019acc\u00e9s a la comunitat cient\u00edfica a un registre f\u00f2ssil que actualment es troba distribu\u00eft per diferents museus i centres de tot Europa,<\/p>\n<p>(2) contribuir als programes educatius de les escoles de Paleontologia de tot el m\u00f3n, aix\u00ed com a les escoles de prim\u00e0ria i secund\u00e0ria,<\/p>\n                    <\/div>\n                <\/div>\n\n            \n                <div class=\"item content--text-carousel-item\">\n                                        <div class=\"cont--text\">\n                        <p>(3) contribuir a la difusi\u00f3 d\u2019aquest registre f\u00f2ssil excepcional i a la hist\u00f2ria del seu descobriment.<\/p>\n<p>Des del Geoparc Or\u00edgens us recomanem visitar el Centre d\u2019interpretaci\u00f3 del Montsec de Mei\u00e0 a Vilanova de Mei\u00e0 on es pot gaudir d\u2019alguns dels exemplars m\u00e9s extraordinaris descoberts en aquest indret, i accedir a visites guiades als jaciments amb guies especialitzats.<\/p>\n                    <\/div>\n                <\/div>\n\n            \n        \n    <\/div>\n\n            <div class=\"cont--link\">\n                            <a href=\"https:\/\/www.geoparcorigens.cat\/\" target=\"_blank\">\n                    SABER M\u00c9S                <\/a>\n                    <\/div>\n    \n<\/div>\n\n\n<div class=\"cont--text-carousel bg_white\">\n\n    <div class=\"cont--title\">\n        <h2>Serra del Montsec<\/h2>\n    <\/div>\n\n    \n    <div class=\"items--text-carousel owl-carousel\">\n\n        \n            \n                <div class=\"item content--text-carousel-item\">\n                                            <div class=\"cont--media\">\n                            <div class=\"cont--media-inner\">\n                                <div class=\"cont--video--image\">\n                                    <div class=\"cont--image\">\n                                        <img loading=\"lazy\" decoding=\"async\" width=\"600\" height=\"415\" src=\"https:\/\/pedrerademeia.geoparcorigens.cat\/wp-content\/uploads\/2021\/02\/img-jaciment-pedrera02.jpg\" class=\"attachment-full size-full\" alt=\"\" \/>                                    <\/div>\n                                                                            <div class=\"button--play\">\n                                            <a id=\"play-video\"><\/a>\n                                        <\/div>\n                                                                    <\/div>\n\n                                                                    <div class=\"cont--video--iframe\">\n                                        <div class=\"cont--video\">\n                                            <iframe loading=\"lazy\" width=\"400\" height=\"300\" src=\"https:\/\/www.youtube.com\/embed\/r8nawTdFGn8\" frameborder=\"0\" allow=\"accelerometer; autoplay; clipboard-write; encrypted-media; gyroscope; picture-in-picture\" allowfullscreen><\/iframe>\n                                        <\/div>\n                                    <\/div>\n                                                            <\/div>\n                        <\/div>\n                                        <div class=\"cont--text\">\n                        <p>A la Serra del Montsec de Mei\u00e0, a cavall entre les comarques de la Noguera i el Pallars, s&#8217;hi ha trobat una excepcional col\u00b7lecci\u00f3 de restes f\u00f2ssils que, per diversos motius, romanen encara molt poc coneguts, tant en ambients cient\u00edfics com en l&#8217;\u00e0mbit popular.<\/p>\n                    <\/div>\n                <\/div>\n\n            \n                <div class=\"item content--text-carousel-item\">\n                                        <div class=\"cont--text\">\n                        <p>Les roques que componen aquest mass\u00eds calcari, que s&#8217;aixeca fins a 1.700 metres d&#8217;altitud, es van formar principalment durant el Jur\u00e0ssic i el Cretaci. Dels aproximadament 150 milions d&#8217;anys d&#8217;hist\u00f2ria d&#8217;aquestes roques, en volem destacar un per\u00edode molt curt que correspon al moment geol\u00f2gic en qu\u00e8 un o diversos llacs d&#8217;aigua dol\u00e7a ocuparen aquesta zona.<\/p>\n<p>Aix\u00f2 va passar fa uns 125 milions d&#8217;anys, durant el Cretaci inferior, en plena \u00e8poca dels dinosaures, quan aquestes masses d&#8217;aigua dol\u00e7a estaven plenes de vida i servien d&#8217;h\u00e0bitat per animals i plantes que en morir es dipositaven al seu fons dels llacs.<\/p>\n                    <\/div>\n                <\/div>\n\n            \n        \n    <\/div>\n\n    \n<\/div>\n\n\n<div class=\"cont--text-carousel bg_grey\">\n\n    <div class=\"cont--title\">\n        <h2>Els llacs del Montsec<\/h2>\n    <\/div>\n\n    \n    <div class=\"items--text-carousel owl-carousel\">\n\n        \n            \n                <div class=\"item content--text-carousel-item\">\n                                        <div class=\"cont--text\">\n                        <p>Al fons d\u2019aquests llacs, on moltes vegades no hi havia pres\u00e8ncia d&#8217;oxigen i, en conseq\u00fc\u00e8ncia, sense organismes descomponedors, les restes d\u2019animals i plantes es sedimentaven juntament amb el carbonat c\u00e0lcic de les aig\u00fces. El resultat s\u00f3n unes l\u00e0mines de carbonat superposades fins a formar gruixos de diversos cent\u00edmetres que, al seu interior, amaguen les restes f\u00f2ssils dels habitants d\u2019aquell ecosistema.<\/p>\n                    <\/div>\n                <\/div>\n\n            \n        \n    <\/div>\n\n            <div class=\"cont--link\">\n                            <a href=\"https:\/\/pedrerademeia.geoparcorigens.cat\/historia-de-les-troballes\/\">\n                    Veure la hist\u00f2ria de les troballes                <\/a>\n\n                    <\/div>\n    \n<\/div>\n\n\n<div class=\"cont--text-carousel bg_white\">\n\n    <div class=\"cont--title\">\n        <h2>Una conservaci\u00f3 excepcional <\/h2>\n    <\/div>\n\n    \n    <div class=\"items--text-carousel owl-carousel\">\n\n        \n            \n                <div class=\"item content--text-carousel-item\">\n                                        <div class=\"cont--text\">\n                        <p>El seu grau de conservaci\u00f3 \u00e9s excepcional.<\/p>\n<p>Ens trobem en un jaciment classificat com a <em>Konservat-Lagerst\u00e4tten<\/em>, \u00e9s a dir, un magatzem de f\u00f2ssils amb un elevat grau de preservaci\u00f3 amb f\u00f2ssils que mostren, per exemple, les marques del contorn del cos, de teixits tous o les nervacions d\u2019una ala.<\/p>\n                    <\/div>\n                <\/div>\n\n            \n        \n    <\/div>\n\n            <div class=\"cont--link\">\n                            <a href=\"https:\/\/pedrerademeia.geoparcorigens.cat\/totes-les-especies-descrites\/\">\n                    Veure les esp\u00e8cies                <\/a>\n\n                    <\/div>\n    \n<\/div>\n\n\n<div class=\"cont--text-carousel bg_white\">\n\n    <div class=\"cont--title\">\n        <h2>Una gran dispersi\u00f3 de les troballes<\/h2>\n    <\/div>\n\n    \n    <div class=\"items--text-carousel owl-carousel\">\n\n        \n            \n                <div class=\"item content--text-carousel-item\">\n                                        <div class=\"cont--text\">\n                        <p>Malauradament, els milers de f\u00f2ssils que han sortit d\u2019aquests jaciments es troben repartits entre diversos museus i col\u00b7leccions particulars, fet que ha emmascarat la import\u00e0ncia de les m\u00e9s de 100 esp\u00e8cies noves que s\u2019hi ha descrit.<\/p>\n<p>I el que tamb\u00e9 podem considerar excepcional \u00e9s la hist\u00f2ria del seu descobriment, explotaci\u00f3 i dispersi\u00f3 de les troballes, fets que abasten quasi 150 anys d\u2019hist\u00f2ria.<br \/>\nAqu\u00ed podreu trobar aquesta hist\u00f2ria, els personatges que hi van participar i els f\u00f2ssils que si han trobat.<\/p>\n                    <\/div>\n                <\/div>\n\n            \n        \n    <\/div>\n\n            <div class=\"cont--link\">\n                            <a href=\"https:\/\/www.geoparcorigens.cat\/es\/\">\n                    Veure les col\u00b7leccions                <\/a>\n\n                    <\/div>\n    \n<\/div>","protected":false},"excerpt":{"rendered":"","protected":false},"author":1,"featured_media":0,"parent":0,"menu_order":0,"comment_status":"closed","ping_status":"closed","template":"page-templates\/page-home.php","meta":{"_acf_changed":false,"footnotes":""},"class_list":["post-18","page","type-page","status-publish","hentry"],"acf":[],"yoast_head":"<!-- This site is optimized with the Yoast SEO plugin v27.2 - https:\/\/yoast.com\/product\/yoast-seo-wordpress\/ -->\n<title>P\u00e0gina principal - Pedrera de Meia - Geoparc Origens<\/title>\n<meta name=\"robots\" content=\"index, follow, max-snippet:-1, max-image-preview:large, max-video-preview:-1\" \/>\n<link rel=\"canonical\" href=\"https:\/\/pedrerademeia.geoparcorigens.cat\/ca\/\" \/>\n<meta property=\"og:locale\" content=\"ca_ES\" \/>\n<meta property=\"og:type\" content=\"article\" \/>\n<meta property=\"og:title\" content=\"P\u00e0gina principal - Pedrera de Meia - Geoparc Origens\" \/>\n<meta property=\"og:url\" content=\"https:\/\/pedrerademeia.geoparcorigens.cat\/ca\/\" \/>\n<meta property=\"og:site_name\" content=\"Pedrera de Meia - Geoparc Origens\" \/>\n<meta property=\"article:modified_time\" content=\"2025-04-02T09:00:00+00:00\" \/>\n<meta name=\"twitter:card\" content=\"summary_large_image\" \/>\n<script type=\"application\/ld+json\" class=\"yoast-schema-graph\">{\"@context\":\"https:\/\/schema.org\",\"@graph\":[{\"@type\":\"WebPage\",\"@id\":\"https:\/\/pedrerademeia.geoparcorigens.cat\/ca\/\",\"url\":\"https:\/\/pedrerademeia.geoparcorigens.cat\/ca\/\",\"name\":\"P\u00e0gina principal - Pedrera de Meia - Geoparc Origens\",\"isPartOf\":{\"@id\":\"https:\/\/pedrerademeia.geoparcorigens.cat\/ca\/#website\"},\"datePublished\":\"2021-02-22T11:34:50+00:00\",\"dateModified\":\"2025-04-02T09:00:00+00:00\",\"breadcrumb\":{\"@id\":\"https:\/\/pedrerademeia.geoparcorigens.cat\/ca\/#breadcrumb\"},\"inLanguage\":\"ca\",\"potentialAction\":[{\"@type\":\"ReadAction\",\"target\":[\"https:\/\/pedrerademeia.geoparcorigens.cat\/ca\/\"]}]},{\"@type\":\"BreadcrumbList\",\"@id\":\"https:\/\/pedrerademeia.geoparcorigens.cat\/ca\/#breadcrumb\",\"itemListElement\":[{\"@type\":\"ListItem\",\"position\":1,\"name\":\"Portada\",\"item\":\"https:\/\/pedrerademeia.geoparcorigens.cat\/ca\/\"},{\"@type\":\"ListItem\",\"position\":2,\"name\":\"P\u00e0gina principal\"}]},{\"@type\":\"WebSite\",\"@id\":\"https:\/\/pedrerademeia.geoparcorigens.cat\/ca\/#website\",\"url\":\"https:\/\/pedrerademeia.geoparcorigens.cat\/ca\/\",\"name\":\"Pedrera de Meia - Geoparc Origens\",\"description\":\"Otro sitio realizado con WordPress\",\"publisher\":{\"@id\":\"https:\/\/pedrerademeia.geoparcorigens.cat\/ca\/#organization\"},\"potentialAction\":[{\"@type\":\"SearchAction\",\"target\":{\"@type\":\"EntryPoint\",\"urlTemplate\":\"https:\/\/pedrerademeia.geoparcorigens.cat\/ca\/?s={search_term_string}\"},\"query-input\":{\"@type\":\"PropertyValueSpecification\",\"valueRequired\":true,\"valueName\":\"search_term_string\"}}],\"inLanguage\":\"ca\"},{\"@type\":\"Organization\",\"@id\":\"https:\/\/pedrerademeia.geoparcorigens.cat\/ca\/#organization\",\"name\":\"Pedrera de Meia - Geoparc Origens\",\"url\":\"https:\/\/pedrerademeia.geoparcorigens.cat\/ca\/\",\"logo\":{\"@type\":\"ImageObject\",\"inLanguage\":\"ca\",\"@id\":\"https:\/\/pedrerademeia.geoparcorigens.cat\/ca\/#\/schema\/logo\/image\/\",\"url\":\"https:\/\/pedrerademeia.geoparcorigens.cat\/wp-content\/uploads\/cropped-cropped-geoparc_logo_marca_color_transparent.png\",\"contentUrl\":\"https:\/\/pedrerademeia.geoparcorigens.cat\/wp-content\/uploads\/cropped-cropped-geoparc_logo_marca_color_transparent.png\",\"width\":5197,\"height\":2011,\"caption\":\"Pedrera de Meia - Geoparc Origens\"},\"image\":{\"@id\":\"https:\/\/pedrerademeia.geoparcorigens.cat\/ca\/#\/schema\/logo\/image\/\"}}]}<\/script>\n<!-- \/ Yoast SEO plugin. -->","yoast_head_json":{"title":"P\u00e0gina principal - Pedrera de Meia - Geoparc Origens","robots":{"index":"index","follow":"follow","max-snippet":"max-snippet:-1","max-image-preview":"max-image-preview:large","max-video-preview":"max-video-preview:-1"},"canonical":"https:\/\/pedrerademeia.geoparcorigens.cat\/ca\/","og_locale":"ca_ES","og_type":"article","og_title":"P\u00e0gina principal - Pedrera de Meia - Geoparc Origens","og_url":"https:\/\/pedrerademeia.geoparcorigens.cat\/ca\/","og_site_name":"Pedrera de Meia - Geoparc Origens","article_modified_time":"2025-04-02T09:00:00+00:00","twitter_card":"summary_large_image","schema":{"@context":"https:\/\/schema.org","@graph":[{"@type":"WebPage","@id":"https:\/\/pedrerademeia.geoparcorigens.cat\/ca\/","url":"https:\/\/pedrerademeia.geoparcorigens.cat\/ca\/","name":"P\u00e0gina principal - Pedrera de Meia - Geoparc Origens","isPartOf":{"@id":"https:\/\/pedrerademeia.geoparcorigens.cat\/ca\/#website"},"datePublished":"2021-02-22T11:34:50+00:00","dateModified":"2025-04-02T09:00:00+00:00","breadcrumb":{"@id":"https:\/\/pedrerademeia.geoparcorigens.cat\/ca\/#breadcrumb"},"inLanguage":"ca","potentialAction":[{"@type":"ReadAction","target":["https:\/\/pedrerademeia.geoparcorigens.cat\/ca\/"]}]},{"@type":"BreadcrumbList","@id":"https:\/\/pedrerademeia.geoparcorigens.cat\/ca\/#breadcrumb","itemListElement":[{"@type":"ListItem","position":1,"name":"Portada","item":"https:\/\/pedrerademeia.geoparcorigens.cat\/ca\/"},{"@type":"ListItem","position":2,"name":"P\u00e0gina principal"}]},{"@type":"WebSite","@id":"https:\/\/pedrerademeia.geoparcorigens.cat\/ca\/#website","url":"https:\/\/pedrerademeia.geoparcorigens.cat\/ca\/","name":"Pedrera de Meia - Geoparc Origens","description":"Otro sitio realizado con WordPress","publisher":{"@id":"https:\/\/pedrerademeia.geoparcorigens.cat\/ca\/#organization"},"potentialAction":[{"@type":"SearchAction","target":{"@type":"EntryPoint","urlTemplate":"https:\/\/pedrerademeia.geoparcorigens.cat\/ca\/?s={search_term_string}"},"query-input":{"@type":"PropertyValueSpecification","valueRequired":true,"valueName":"search_term_string"}}],"inLanguage":"ca"},{"@type":"Organization","@id":"https:\/\/pedrerademeia.geoparcorigens.cat\/ca\/#organization","name":"Pedrera de Meia - Geoparc Origens","url":"https:\/\/pedrerademeia.geoparcorigens.cat\/ca\/","logo":{"@type":"ImageObject","inLanguage":"ca","@id":"https:\/\/pedrerademeia.geoparcorigens.cat\/ca\/#\/schema\/logo\/image\/","url":"https:\/\/pedrerademeia.geoparcorigens.cat\/wp-content\/uploads\/cropped-cropped-geoparc_logo_marca_color_transparent.png","contentUrl":"https:\/\/pedrerademeia.geoparcorigens.cat\/wp-content\/uploads\/cropped-cropped-geoparc_logo_marca_color_transparent.png","width":5197,"height":2011,"caption":"Pedrera de Meia - Geoparc Origens"},"image":{"@id":"https:\/\/pedrerademeia.geoparcorigens.cat\/ca\/#\/schema\/logo\/image\/"}}]}},"_links":{"self":[{"href":"https:\/\/pedrerademeia.geoparcorigens.cat\/ca\/wp-json\/wp\/v2\/pages\/18","targetHints":{"allow":["GET"]}}],"collection":[{"href":"https:\/\/pedrerademeia.geoparcorigens.cat\/ca\/wp-json\/wp\/v2\/pages"}],"about":[{"href":"https:\/\/pedrerademeia.geoparcorigens.cat\/ca\/wp-json\/wp\/v2\/types\/page"}],"author":[{"embeddable":true,"href":"https:\/\/pedrerademeia.geoparcorigens.cat\/ca\/wp-json\/wp\/v2\/users\/1"}],"replies":[{"embeddable":true,"href":"https:\/\/pedrerademeia.geoparcorigens.cat\/ca\/wp-json\/wp\/v2\/comments?post=18"}],"version-history":[{"count":1,"href":"https:\/\/pedrerademeia.geoparcorigens.cat\/ca\/wp-json\/wp\/v2\/pages\/18\/revisions"}],"predecessor-version":[{"id":25754,"href":"https:\/\/pedrerademeia.geoparcorigens.cat\/ca\/wp-json\/wp\/v2\/pages\/18\/revisions\/25754"}],"wp:attachment":[{"href":"https:\/\/pedrerademeia.geoparcorigens.cat\/ca\/wp-json\/wp\/v2\/media?parent=18"}],"curies":[{"name":"wp","href":"https:\/\/api.w.org\/{rel}","templated":true}]}}