{"id":209,"date":"2021-02-23T14:59:42","date_gmt":"2021-02-23T14:59:42","guid":{"rendered":"https:\/\/pedrerademeia.geoparcorigens.cat\/?page_id=209"},"modified":"2022-01-19T09:52:39","modified_gmt":"2022-01-19T09:52:39","slug":"el-jaciment-de-la-cabroa","status":"publish","type":"page","link":"https:\/\/pedrerademeia.geoparcorigens.cat\/ca\/el-jaciment-de-la-cabroa\/","title":{"rendered":"El jaciment de la Cabroa"},"content":{"rendered":"\n<div class=\"wp-block-group alignfull\"><div class=\"wp-block-group__inner-container is-layout-flow wp-block-group-is-layout-flow\">\n<div class=\"wp-block-columns is-layout-flex wp-container-core-columns-is-layout-9d6595d7 wp-block-columns-is-layout-flex\">\n<div class=\"wp-block-column is-layout-flow wp-block-column-is-layout-flow\"><div class=\"wrapper-classic-paragraph\">\n<h2>Un petit aflorament amb grans sorpreses<\/h2>\n<h4>La Cabroa o Cabrua \u00e9s un petit aflorament que es troba al vessant sud del Montsec de Mei\u00e0 i forma part de l\u2019anomenat Cinglo de la Cabroa.<\/h4>\n<p>L\u2019aflorament es troba en un dels passos m\u00e9s complicats de cam\u00ed que puja des de Santa Maria de Mei\u00e0, passant prop de l\u2019ermita de Sant Sebasti\u00e0, en direcci\u00f3 a la font del Reguer. L\u2019aflorament es troba a una altitud d\u2019uns 1.200 metres.<\/p>\n<\/div>\n\n\n<p><\/p>\n<\/div>\n\n\n\n<div class=\"wp-block-column is-layout-flow wp-block-column-is-layout-flow\"> \n\n<div class=\"cont--block-video\">\n    <div class=\"item content--block-video-item\">\n        <div class=\"cont--media\">\n            <div class=\"cont--media-inner\">\n                                    <div class=\"cont--video--image\">\n                    <div class=\"cont--image\">\n                        <img loading=\"lazy\" decoding=\"async\" width=\"660\" height=\"370\" src=\"https:\/\/pedrerademeia.geoparcorigens.cat\/wp-content\/uploads\/img-jaciment-cabroa-placeholder-01-1.jpg\" class=\"attachment-full size-full\" alt=\"\" \/>                    <\/div>\n                                        <div class=\"button--play\">\n                        <a id=\"play-video\"><\/a>\n                    <\/div>\n                                    <\/div>\n                                                \n                                    <div class=\"cont--video--iframe\">\n                        <div class=\"cont--video\">\n                            <iframe loading=\"lazy\" width=\"400\" height=\"300\" src=\"https:\/\/www.youtube.com\/embed\/KVL_EtlmSJc\" frameborder=\"0\" allow=\"accelerometer; autoplay; clipboard-write; encrypted-media; gyroscope; picture-in-picture\" allowfullscreen><\/iframe>\n                        <\/div>\n                    <\/div>            \n                            <\/div>\n        <\/div>\n        <div class=\"cont--text-caption\">\n            Vista a\u00e8ria del pas de la Cabroa i de la zona del jaciment amb el mateix nom. \u00a9Geoparc Or\u00edgens        <\/div>\n    <\/div>\n<\/div><\/div>\n<\/div>\n<\/div><\/div>\n\n\n\n<div class=\"wp-block-group alignfull has-light-grey-background-color has-background\"><div class=\"wp-block-group__inner-container is-layout-flow wp-block-group-is-layout-flow\">\n<div class=\"wp-block-columns is-layout-flex wp-container-core-columns-is-layout-9d6595d7 wp-block-columns-is-layout-flex\">\n<div class=\"wp-block-column is-layout-flow wp-block-column-is-layout-flow\"><div class=\"wrapper-classic-paragraph\">\n<h2>El descobriment<\/h2>\n<p>El 1953 Bataller fa la primera cita d\u2019aquest paratge com a possible jaciment quan es pregunta com \u00e9s que es va explotar la Pedrera quan hi havia un aflorament amb lloses calc\u00e0ries prop de Santa Maria de Mei\u00e0.<\/p>\n<p>\u00c9s de suposar que durant els treballs d\u2019extracci\u00f3 a la Pedrera, treballadors i capatassos s\u2019haguessin fixat en aquesta zona ja que el cam\u00ed de Santa Maria a la Pedrera i tornada passa per aquest punt. Possiblement, la redu\u00efda extensi\u00f3 del jaciment, de la gran quantitat de paret que s\u2019est\u00e9n per sobre aquest pas i el fet que moltes capes siguin molt fines van ser els factors clau en la continuaci\u00f3 dels treballs a la Pedrera de R\u00fabies.<\/p>\n<\/div><\/div>\n\n\n\n<div class=\"wp-block-column is-layout-flow wp-block-column-is-layout-flow\"><div class=\"wrapper-classic-paragraph\">\n<h2>Redescobriment i \u00e8poca d\u2019esplendor<\/h2>\n<p>Com apunt\u00e0 Antoni Lacasa el 2013, el veritable inici de l\u2019estudi cient\u00edfic del jaciment de la Cabroa va comen\u00e7ar l\u2019any 1979 en el marc d\u2019un projecte de prospecci\u00f3 i excavaci\u00f3 a la Pedrera de R\u00fabies. L\u2019equip de treball estava composat per membres de la secci\u00f3 de Geo-Paleontologia de l\u2019Institut d\u2019Estudis Ilerdencs i els \u201cAmics de la Paleontologia\u201d.<\/p>\n<p>Amb aquest equip tamb\u00e9 hi va participar personal del laboratori de Paleobot\u00e0nica de la Universitat de Li\u00f3. Per arribar a la vella pedrera l\u2019equip va pujar per la pista que surt de Santa Maria, per\u00f2 l\u2019estat de la pista va fer que els vehicles s\u2019aturessin just al punt on apareixen les calc\u00e0ries litogr\u00e0fiques. Un cop comprovada la pres\u00e8ncia de f\u00f2ssils es va decidir establir el campament base i es van efectuar campanyes d\u2019excavaci\u00f3 durant 15 anys.<\/p>\n<\/div><\/div>\n<\/div>\n<\/div><\/div>\n","protected":false},"excerpt":{"rendered":"<p>Un petit aflorament amb grans sorpreses La Cabroa o Cabrua \u00e9s un petit aflorament que es troba al vessant sud del Montsec de Mei\u00e0 i forma part de l\u2019anomenat Cinglo de la Cabroa. L\u2019aflorament es troba en un dels passos m\u00e9s complicats de cam\u00ed que puja des de Santa Maria de Mei\u00e0, passant prop de [&hellip;]<\/p>\n","protected":false},"author":1,"featured_media":0,"parent":0,"menu_order":0,"comment_status":"closed","ping_status":"closed","template":"page-templates\/page-landing.php","meta":{"_acf_changed":false,"footnotes":""},"class_list":["post-209","page","type-page","status-publish","hentry"],"acf":[],"yoast_head":"<!-- This site is optimized with the Yoast SEO plugin v27.4 - https:\/\/yoast.com\/product\/yoast-seo-wordpress\/ -->\n<title>El jaciment de la Cabroa - Pedrera de Meia - Geoparc Origens<\/title>\n<meta name=\"robots\" content=\"index, follow, max-snippet:-1, max-image-preview:large, max-video-preview:-1\" \/>\n<link rel=\"canonical\" href=\"https:\/\/pedrerademeia.geoparcorigens.cat\/ca\/el-jaciment-de-la-cabroa\/\" \/>\n<meta property=\"og:locale\" content=\"ca_ES\" \/>\n<meta property=\"og:type\" content=\"article\" \/>\n<meta property=\"og:title\" content=\"El jaciment de la Cabroa - Pedrera de Meia - Geoparc Origens\" \/>\n<meta property=\"og:description\" content=\"Un petit aflorament amb grans sorpreses La Cabroa o Cabrua \u00e9s un petit aflorament que es troba al vessant sud del Montsec de Mei\u00e0 i forma part de l\u2019anomenat Cinglo de la Cabroa. L\u2019aflorament es troba en un dels passos m\u00e9s complicats de cam\u00ed que puja des de Santa Maria de Mei\u00e0, passant prop de [&hellip;]\" \/>\n<meta property=\"og:url\" content=\"https:\/\/pedrerademeia.geoparcorigens.cat\/ca\/el-jaciment-de-la-cabroa\/\" \/>\n<meta property=\"og:site_name\" content=\"Pedrera de Meia - Geoparc Origens\" \/>\n<meta property=\"article:modified_time\" content=\"2022-01-19T09:52:39+00:00\" \/>\n<meta name=\"twitter:card\" content=\"summary_large_image\" \/>\n<meta name=\"twitter:label1\" content=\"Temps estimat de lectura\" \/>\n\t<meta name=\"twitter:data1\" content=\"2 minuts\" \/>\n<script type=\"application\/ld+json\" class=\"yoast-schema-graph\">{\"@context\":\"https:\\\/\\\/schema.org\",\"@graph\":[{\"@type\":\"WebPage\",\"@id\":\"https:\\\/\\\/pedrerademeia.geoparcorigens.cat\\\/ca\\\/el-jaciment-de-la-cabroa\\\/\",\"url\":\"https:\\\/\\\/pedrerademeia.geoparcorigens.cat\\\/ca\\\/el-jaciment-de-la-cabroa\\\/\",\"name\":\"El jaciment de la Cabroa - Pedrera de Meia - Geoparc Origens\",\"isPartOf\":{\"@id\":\"https:\\\/\\\/pedrerademeia.geoparcorigens.cat\\\/ca\\\/#website\"},\"datePublished\":\"2021-02-23T14:59:42+00:00\",\"dateModified\":\"2022-01-19T09:52:39+00:00\",\"breadcrumb\":{\"@id\":\"https:\\\/\\\/pedrerademeia.geoparcorigens.cat\\\/ca\\\/el-jaciment-de-la-cabroa\\\/#breadcrumb\"},\"inLanguage\":\"ca\",\"potentialAction\":[{\"@type\":\"ReadAction\",\"target\":[\"https:\\\/\\\/pedrerademeia.geoparcorigens.cat\\\/ca\\\/el-jaciment-de-la-cabroa\\\/\"]}]},{\"@type\":\"BreadcrumbList\",\"@id\":\"https:\\\/\\\/pedrerademeia.geoparcorigens.cat\\\/ca\\\/el-jaciment-de-la-cabroa\\\/#breadcrumb\",\"itemListElement\":[{\"@type\":\"ListItem\",\"position\":1,\"name\":\"Portada\",\"item\":\"https:\\\/\\\/pedrerademeia.geoparcorigens.cat\\\/ca\\\/\"},{\"@type\":\"ListItem\",\"position\":2,\"name\":\"El jaciment de la Cabroa\"}]},{\"@type\":\"WebSite\",\"@id\":\"https:\\\/\\\/pedrerademeia.geoparcorigens.cat\\\/ca\\\/#website\",\"url\":\"https:\\\/\\\/pedrerademeia.geoparcorigens.cat\\\/ca\\\/\",\"name\":\"Pedrera de Meia - Geoparc Origens\",\"description\":\"Otro sitio realizado con WordPress\",\"publisher\":{\"@id\":\"https:\\\/\\\/pedrerademeia.geoparcorigens.cat\\\/ca\\\/#organization\"},\"potentialAction\":[{\"@type\":\"SearchAction\",\"target\":{\"@type\":\"EntryPoint\",\"urlTemplate\":\"https:\\\/\\\/pedrerademeia.geoparcorigens.cat\\\/ca\\\/?s={search_term_string}\"},\"query-input\":{\"@type\":\"PropertyValueSpecification\",\"valueRequired\":true,\"valueName\":\"search_term_string\"}}],\"inLanguage\":\"ca\"},{\"@type\":\"Organization\",\"@id\":\"https:\\\/\\\/pedrerademeia.geoparcorigens.cat\\\/ca\\\/#organization\",\"name\":\"Pedrera de Meia - Geoparc Origens\",\"url\":\"https:\\\/\\\/pedrerademeia.geoparcorigens.cat\\\/ca\\\/\",\"logo\":{\"@type\":\"ImageObject\",\"inLanguage\":\"ca\",\"@id\":\"https:\\\/\\\/pedrerademeia.geoparcorigens.cat\\\/ca\\\/#\\\/schema\\\/logo\\\/image\\\/\",\"url\":\"https:\\\/\\\/pedrerademeia.geoparcorigens.cat\\\/wp-content\\\/uploads\\\/cropped-cropped-geoparc_logo_marca_color_transparent.png\",\"contentUrl\":\"https:\\\/\\\/pedrerademeia.geoparcorigens.cat\\\/wp-content\\\/uploads\\\/cropped-cropped-geoparc_logo_marca_color_transparent.png\",\"width\":5197,\"height\":2011,\"caption\":\"Pedrera de Meia - Geoparc Origens\"},\"image\":{\"@id\":\"https:\\\/\\\/pedrerademeia.geoparcorigens.cat\\\/ca\\\/#\\\/schema\\\/logo\\\/image\\\/\"}}]}<\/script>\n<!-- \/ Yoast SEO plugin. -->","yoast_head_json":{"title":"El jaciment de la Cabroa - Pedrera de Meia - Geoparc Origens","robots":{"index":"index","follow":"follow","max-snippet":"max-snippet:-1","max-image-preview":"max-image-preview:large","max-video-preview":"max-video-preview:-1"},"canonical":"https:\/\/pedrerademeia.geoparcorigens.cat\/ca\/el-jaciment-de-la-cabroa\/","og_locale":"ca_ES","og_type":"article","og_title":"El jaciment de la Cabroa - Pedrera de Meia - Geoparc Origens","og_description":"Un petit aflorament amb grans sorpreses La Cabroa o Cabrua \u00e9s un petit aflorament que es troba al vessant sud del Montsec de Mei\u00e0 i forma part de l\u2019anomenat Cinglo de la Cabroa. L\u2019aflorament es troba en un dels passos m\u00e9s complicats de cam\u00ed que puja des de Santa Maria de Mei\u00e0, passant prop de [&hellip;]","og_url":"https:\/\/pedrerademeia.geoparcorigens.cat\/ca\/el-jaciment-de-la-cabroa\/","og_site_name":"Pedrera de Meia - Geoparc Origens","article_modified_time":"2022-01-19T09:52:39+00:00","twitter_card":"summary_large_image","twitter_misc":{"Temps estimat de lectura":"2 minuts"},"schema":{"@context":"https:\/\/schema.org","@graph":[{"@type":"WebPage","@id":"https:\/\/pedrerademeia.geoparcorigens.cat\/ca\/el-jaciment-de-la-cabroa\/","url":"https:\/\/pedrerademeia.geoparcorigens.cat\/ca\/el-jaciment-de-la-cabroa\/","name":"El jaciment de la Cabroa - Pedrera de Meia - Geoparc Origens","isPartOf":{"@id":"https:\/\/pedrerademeia.geoparcorigens.cat\/ca\/#website"},"datePublished":"2021-02-23T14:59:42+00:00","dateModified":"2022-01-19T09:52:39+00:00","breadcrumb":{"@id":"https:\/\/pedrerademeia.geoparcorigens.cat\/ca\/el-jaciment-de-la-cabroa\/#breadcrumb"},"inLanguage":"ca","potentialAction":[{"@type":"ReadAction","target":["https:\/\/pedrerademeia.geoparcorigens.cat\/ca\/el-jaciment-de-la-cabroa\/"]}]},{"@type":"BreadcrumbList","@id":"https:\/\/pedrerademeia.geoparcorigens.cat\/ca\/el-jaciment-de-la-cabroa\/#breadcrumb","itemListElement":[{"@type":"ListItem","position":1,"name":"Portada","item":"https:\/\/pedrerademeia.geoparcorigens.cat\/ca\/"},{"@type":"ListItem","position":2,"name":"El jaciment de la Cabroa"}]},{"@type":"WebSite","@id":"https:\/\/pedrerademeia.geoparcorigens.cat\/ca\/#website","url":"https:\/\/pedrerademeia.geoparcorigens.cat\/ca\/","name":"Pedrera de Meia - Geoparc Origens","description":"Otro sitio realizado con WordPress","publisher":{"@id":"https:\/\/pedrerademeia.geoparcorigens.cat\/ca\/#organization"},"potentialAction":[{"@type":"SearchAction","target":{"@type":"EntryPoint","urlTemplate":"https:\/\/pedrerademeia.geoparcorigens.cat\/ca\/?s={search_term_string}"},"query-input":{"@type":"PropertyValueSpecification","valueRequired":true,"valueName":"search_term_string"}}],"inLanguage":"ca"},{"@type":"Organization","@id":"https:\/\/pedrerademeia.geoparcorigens.cat\/ca\/#organization","name":"Pedrera de Meia - Geoparc Origens","url":"https:\/\/pedrerademeia.geoparcorigens.cat\/ca\/","logo":{"@type":"ImageObject","inLanguage":"ca","@id":"https:\/\/pedrerademeia.geoparcorigens.cat\/ca\/#\/schema\/logo\/image\/","url":"https:\/\/pedrerademeia.geoparcorigens.cat\/wp-content\/uploads\/cropped-cropped-geoparc_logo_marca_color_transparent.png","contentUrl":"https:\/\/pedrerademeia.geoparcorigens.cat\/wp-content\/uploads\/cropped-cropped-geoparc_logo_marca_color_transparent.png","width":5197,"height":2011,"caption":"Pedrera de Meia - Geoparc Origens"},"image":{"@id":"https:\/\/pedrerademeia.geoparcorigens.cat\/ca\/#\/schema\/logo\/image\/"}}]}},"_links":{"self":[{"href":"https:\/\/pedrerademeia.geoparcorigens.cat\/ca\/wp-json\/wp\/v2\/pages\/209","targetHints":{"allow":["GET"]}}],"collection":[{"href":"https:\/\/pedrerademeia.geoparcorigens.cat\/ca\/wp-json\/wp\/v2\/pages"}],"about":[{"href":"https:\/\/pedrerademeia.geoparcorigens.cat\/ca\/wp-json\/wp\/v2\/types\/page"}],"author":[{"embeddable":true,"href":"https:\/\/pedrerademeia.geoparcorigens.cat\/ca\/wp-json\/wp\/v2\/users\/1"}],"replies":[{"embeddable":true,"href":"https:\/\/pedrerademeia.geoparcorigens.cat\/ca\/wp-json\/wp\/v2\/comments?post=209"}],"version-history":[{"count":0,"href":"https:\/\/pedrerademeia.geoparcorigens.cat\/ca\/wp-json\/wp\/v2\/pages\/209\/revisions"}],"wp:attachment":[{"href":"https:\/\/pedrerademeia.geoparcorigens.cat\/ca\/wp-json\/wp\/v2\/media?parent=209"}],"curies":[{"name":"wp","href":"https:\/\/api.w.org\/{rel}","templated":true}]}}