{"id":253,"date":"2021-02-24T10:15:23","date_gmt":"2021-02-24T10:15:23","guid":{"rendered":"https:\/\/pedrerademeia.geoparcorigens.cat\/?page_id=253"},"modified":"2021-07-13T08:42:05","modified_gmt":"2021-07-13T08:42:05","slug":"ledat-dels-jaciments","status":"publish","type":"page","link":"https:\/\/pedrerademeia.geoparcorigens.cat\/ca\/ledat-dels-jaciments\/","title":{"rendered":"L\u2019edat dels Jaciments"},"content":{"rendered":"\n<div class=\"wp-block-group alignfull\"><div class=\"wp-block-group__inner-container is-layout-flow wp-block-group-is-layout-flow\">\n<div class=\"wp-block-columns is-layout-flex wp-container-core-columns-is-layout-9d6595d7 wp-block-columns-is-layout-flex\">\n<div class=\"wp-block-column full-width is-layout-flow wp-block-column-is-layout-flow\"><div class=\"wrapper-heading\">\n<h2 class=\"wp-block-heading\">Un embolic que comen\u00e7a al Jur\u00e0ssic<\/h2>\n<\/div><\/div>\n<\/div>\n\n\n\n<div class=\"wp-block-columns is-layout-flex wp-container-core-columns-is-layout-9d6595d7 wp-block-columns-is-layout-flex\">\n<div class=\"wp-block-column is-layout-flow wp-block-column-is-layout-flow\"><div class=\"wrapper-classic-paragraph\">\n<p>Tant en el treball de l\u2019any 1898 com en el de 1902, Vidal li proporciona, temptativament, una edat jur\u00e0ssica (Vidal, 1898), per despr\u00e9s concretar la seva adscripci\u00f3 a l\u2019estatge Kimmeridgi\u00e0 (fa entre 155 i 152 milions d\u2019anys) un cop va fer els primers estudis cient\u00edfics sobre la flora fauna i litologia (Vidal, 1902). Per en Vidal, entre els f\u00f2ssils i composici\u00f3 l\u00edtica de la Pedrera hi havia grans similituds amb els jaciments Jur\u00e0ssics de Cerin (Fran\u00e7a) i Solnhofen (Alemania), tot i que aquests darrers estaven considerats lleugerament m\u00e9s moderns, d\u2019edat titoniana (fa entre 152 i 145 milions d\u2019anys).<\/p>\n<\/div>\n\n\n<p><\/p>\n<\/div>\n\n\n\n<div class=\"wp-block-column is-layout-flow wp-block-column-is-layout-flow\"><div class=\"wrapper-classic-paragraph\">\n<p>Aquesta proposta d\u2019edat jur\u00e0ssica pel jaciment de la Pedrera es mant\u00e9 fins els anys 30 del segle XX. Dalloni (1930), Chevalier (1932) o Broili (1932) daten aquestes litogr\u00e0fiques en el Jur\u00e0ssic superior. Chevalier fa esment a un descobriment d\u2019en Faure i Sans, un vegetal identificat com Onychiopsis mantelli, una planta recuperada en jaciments del Cretaci inferior, per\u00f2 no ho t\u00e9 en compte alhora de revisar les datacions originals. Broili, que havia visitat la col\u00b7lecci\u00f3 de f\u00f2ssils de la Pedrera al Museu de Geologia de Barcelona, durant el XIV Congreso Internacional de Geolog\u00eda de l\u2019any 1926, porta a terme un estudi dels jaciments litogr\u00e0fics de Cerin, Solnhofen i R\u00fabies i confirma una edat del Titoni\u00e0 pel jaciment catal\u00e0, principalment per consideracions sedimentol\u00f2giques i estratigr\u00e0fiques.<\/p>\n<\/div>\n\n\n<p><\/p>\n<\/div>\n<\/div>\n<\/div><\/div>\n\n\n\n<div class=\"wp-block-group alignfull has-light-grey-background-color has-background\"><div class=\"wp-block-group__inner-container is-layout-flow wp-block-group-is-layout-flow\">\n<div class=\"wp-block-columns is-layout-flex wp-container-core-columns-is-layout-9d6595d7 wp-block-columns-is-layout-flex\">\n<div class=\"wp-block-column is-layout-flow wp-block-column-is-layout-flow\"><div class=\"wrapper-heading\">\n<h2 class=\"wp-block-heading\">Els estudis micropaleontol\u00f2gics canvien l\u2019edat<\/h2>\n<\/div>\n\n\n<p><\/p>\n<\/div>\n<\/div>\n\n\n\n<div class=\"wp-block-columns is-layout-flex wp-container-core-columns-is-layout-9d6595d7 wp-block-columns-is-layout-flex\">\n<div class=\"wp-block-column is-layout-flow wp-block-column-is-layout-flow\"><div class=\"wrapper-classic-paragraph\">\n<p>El primer canvi en relaci\u00f3 amb l\u2019edat del jaciment el fa Krusat (1966). En el seu treball fa esment a l\u2019estudi micropalentol\u00f2gic amb ostracodes i foramin\u00edfers que li permeten dir que ens trobem en una edat compresa entre el Titoni\u00e0 superior fins el Barremi\u00e0 (de 132 a 124 milions d\u2019anys), per\u00f2 no s\u2019atreveix a avan\u00e7ar m\u00e9s en la precisi\u00f3 de l\u2019edat. Pel que fa a la formaci\u00f3 del jaciment, Krusat proposa que es van formar en unes llacunes molt properes a la costa. Per a ell, les plantes que hi apareixen van ser arrossegades pels aiguats i el mateix llac era el bi\u00f2top per peixos r\u00e8ptils, crustacis i foramin\u00edfers. Possiblement, segons Krusat, tota l\u2019\u00e0rea de dip\u00f2sit de sediments estava separada del mar obert, al nord, per una fina barrera que podria ser permeable a migracions de fauna marina.<\/p>\n<\/div>\n\n\n<blockquote class=\"wp-block-quote is-layout-flow wp-block-quote-is-layout-flow\"><p>A principis dels anys 70 encara hi ha dubtes sobre l\u2019edat de la localitat i Delmas et al. (1971) i Via (1971) nom\u00e9s reporten les edats ja proposades que oscil\u00b7len entre el Kimmeridgi\u00e0 i Barremi\u00e0 (entre 155 i 124 milions d\u2019anys).<\/p><\/blockquote>\n<\/div>\n\n\n\n<div class=\"wp-block-column is-layout-flow wp-block-column-is-layout-flow\"><div class=\"wrapper-classic-paragraph\">\n<p>Un estudi en detall dels min\u00fasculs crustacis (ostr\u00e0codes) preservats a les lloses litogr\u00e0fiques permeten a Peybern\u00e8s i Oertli (1972) fer una dataci\u00f3 en el tr\u00e0nsit entre el Berriasi\u00e0 i el Valangini\u00e0 (uns 140 milions d\u2019anys). Un altre estudi dels ostr\u00e0codes afina la dataci\u00f3 en Berriasi\u00e0 superior-Valangini\u00e0 inferior (Brenner et al., 1974). Aquesta dataci\u00f3, ja acceptada plenament per Barale (1984), li permet proposar que aquest jaciment \u00e9s pioner per l\u2019aparici\u00f3 de les primeres angiospermes conegudes. Una altra pista que apuntava cap una edat similar va ser la identificaci\u00f3 del g\u00e8nere de planta Frenelopsis (Barale 1973), d\u2019edat cret\u00e0cica, la qual cosa refor\u00e7ava la proposta anterior. <\/p>\n<p>Finalment, dos treballs a la d\u00e8cada dels anys 90, proposen una nova dataci\u00f3. Ansorge (1993), en base a l\u2019estudi d\u2019insectes en femtes fossilitzades (copr\u00f2lits) i Mart\u00edn-Closas i L\u00f3pez-Mor\u00f3n (1995), en base a l\u2019estudi d\u2019algues car\u00f2fites proposen una edat de Barremi\u00e0 (130-125 ma), que \u00e9s la que t\u00e9 m\u00e9s \u00e0mplia acceptaci\u00f3 actualment.<\/p>\n<\/div><\/div>\n<\/div>\n<\/div><\/div>\n","protected":false},"excerpt":{"rendered":"<p>Un embolic que comen\u00e7a al Jur\u00e0ssic Tant en el treball de l\u2019any 1898 com en el de 1902, Vidal li proporciona, temptativament, una edat jur\u00e0ssica (Vidal, 1898), per despr\u00e9s concretar la seva adscripci\u00f3 a l\u2019estatge Kimmeridgi\u00e0 (fa entre 155 i 152 milions d\u2019anys) un cop va fer els primers estudis cient\u00edfics sobre la flora fauna [&hellip;]<\/p>\n","protected":false},"author":1,"featured_media":0,"parent":0,"menu_order":0,"comment_status":"closed","ping_status":"closed","template":"page-templates\/page-landing.php","meta":{"_acf_changed":false,"footnotes":""},"class_list":["post-253","page","type-page","status-publish","hentry"],"acf":[],"yoast_head":"<!-- This site is optimized with the Yoast SEO plugin v27.4 - https:\/\/yoast.com\/product\/yoast-seo-wordpress\/ -->\n<title>L\u2019edat dels Jaciments - Pedrera de Meia - Geoparc Origens<\/title>\n<meta name=\"robots\" content=\"index, follow, max-snippet:-1, max-image-preview:large, max-video-preview:-1\" \/>\n<link rel=\"canonical\" href=\"https:\/\/pedrerademeia.geoparcorigens.cat\/ca\/ledat-dels-jaciments\/\" \/>\n<meta property=\"og:locale\" content=\"ca_ES\" \/>\n<meta property=\"og:type\" content=\"article\" \/>\n<meta property=\"og:title\" content=\"L\u2019edat dels Jaciments - Pedrera de Meia - Geoparc Origens\" \/>\n<meta property=\"og:description\" content=\"Un embolic que comen\u00e7a al Jur\u00e0ssic Tant en el treball de l\u2019any 1898 com en el de 1902, Vidal li proporciona, temptativament, una edat jur\u00e0ssica (Vidal, 1898), per despr\u00e9s concretar la seva adscripci\u00f3 a l\u2019estatge Kimmeridgi\u00e0 (fa entre 155 i 152 milions d\u2019anys) un cop va fer els primers estudis cient\u00edfics sobre la flora fauna [&hellip;]\" \/>\n<meta property=\"og:url\" content=\"https:\/\/pedrerademeia.geoparcorigens.cat\/ca\/ledat-dels-jaciments\/\" \/>\n<meta property=\"og:site_name\" content=\"Pedrera de Meia - Geoparc Origens\" \/>\n<meta property=\"article:modified_time\" content=\"2021-07-13T08:42:05+00:00\" \/>\n<meta name=\"twitter:card\" content=\"summary_large_image\" \/>\n<meta name=\"twitter:label1\" content=\"Temps estimat de lectura\" \/>\n\t<meta name=\"twitter:data1\" content=\"3 minuts\" \/>\n<script type=\"application\/ld+json\" class=\"yoast-schema-graph\">{\"@context\":\"https:\\\/\\\/schema.org\",\"@graph\":[{\"@type\":\"WebPage\",\"@id\":\"https:\\\/\\\/pedrerademeia.geoparcorigens.cat\\\/ca\\\/ledat-dels-jaciments\\\/\",\"url\":\"https:\\\/\\\/pedrerademeia.geoparcorigens.cat\\\/ca\\\/ledat-dels-jaciments\\\/\",\"name\":\"L\u2019edat dels Jaciments - Pedrera de Meia - Geoparc Origens\",\"isPartOf\":{\"@id\":\"https:\\\/\\\/pedrerademeia.geoparcorigens.cat\\\/ca\\\/#website\"},\"datePublished\":\"2021-02-24T10:15:23+00:00\",\"dateModified\":\"2021-07-13T08:42:05+00:00\",\"breadcrumb\":{\"@id\":\"https:\\\/\\\/pedrerademeia.geoparcorigens.cat\\\/ca\\\/ledat-dels-jaciments\\\/#breadcrumb\"},\"inLanguage\":\"ca\",\"potentialAction\":[{\"@type\":\"ReadAction\",\"target\":[\"https:\\\/\\\/pedrerademeia.geoparcorigens.cat\\\/ca\\\/ledat-dels-jaciments\\\/\"]}]},{\"@type\":\"BreadcrumbList\",\"@id\":\"https:\\\/\\\/pedrerademeia.geoparcorigens.cat\\\/ca\\\/ledat-dels-jaciments\\\/#breadcrumb\",\"itemListElement\":[{\"@type\":\"ListItem\",\"position\":1,\"name\":\"Portada\",\"item\":\"https:\\\/\\\/pedrerademeia.geoparcorigens.cat\\\/ca\\\/\"},{\"@type\":\"ListItem\",\"position\":2,\"name\":\"L\u2019edat dels Jaciments\"}]},{\"@type\":\"WebSite\",\"@id\":\"https:\\\/\\\/pedrerademeia.geoparcorigens.cat\\\/ca\\\/#website\",\"url\":\"https:\\\/\\\/pedrerademeia.geoparcorigens.cat\\\/ca\\\/\",\"name\":\"Pedrera de Meia - Geoparc Origens\",\"description\":\"Otro sitio realizado con WordPress\",\"publisher\":{\"@id\":\"https:\\\/\\\/pedrerademeia.geoparcorigens.cat\\\/ca\\\/#organization\"},\"potentialAction\":[{\"@type\":\"SearchAction\",\"target\":{\"@type\":\"EntryPoint\",\"urlTemplate\":\"https:\\\/\\\/pedrerademeia.geoparcorigens.cat\\\/ca\\\/?s={search_term_string}\"},\"query-input\":{\"@type\":\"PropertyValueSpecification\",\"valueRequired\":true,\"valueName\":\"search_term_string\"}}],\"inLanguage\":\"ca\"},{\"@type\":\"Organization\",\"@id\":\"https:\\\/\\\/pedrerademeia.geoparcorigens.cat\\\/ca\\\/#organization\",\"name\":\"Pedrera de Meia - Geoparc Origens\",\"url\":\"https:\\\/\\\/pedrerademeia.geoparcorigens.cat\\\/ca\\\/\",\"logo\":{\"@type\":\"ImageObject\",\"inLanguage\":\"ca\",\"@id\":\"https:\\\/\\\/pedrerademeia.geoparcorigens.cat\\\/ca\\\/#\\\/schema\\\/logo\\\/image\\\/\",\"url\":\"https:\\\/\\\/pedrerademeia.geoparcorigens.cat\\\/wp-content\\\/uploads\\\/cropped-cropped-geoparc_logo_marca_color_transparent.png\",\"contentUrl\":\"https:\\\/\\\/pedrerademeia.geoparcorigens.cat\\\/wp-content\\\/uploads\\\/cropped-cropped-geoparc_logo_marca_color_transparent.png\",\"width\":5197,\"height\":2011,\"caption\":\"Pedrera de Meia - Geoparc Origens\"},\"image\":{\"@id\":\"https:\\\/\\\/pedrerademeia.geoparcorigens.cat\\\/ca\\\/#\\\/schema\\\/logo\\\/image\\\/\"}}]}<\/script>\n<!-- \/ Yoast SEO plugin. -->","yoast_head_json":{"title":"L\u2019edat dels Jaciments - Pedrera de Meia - Geoparc Origens","robots":{"index":"index","follow":"follow","max-snippet":"max-snippet:-1","max-image-preview":"max-image-preview:large","max-video-preview":"max-video-preview:-1"},"canonical":"https:\/\/pedrerademeia.geoparcorigens.cat\/ca\/ledat-dels-jaciments\/","og_locale":"ca_ES","og_type":"article","og_title":"L\u2019edat dels Jaciments - Pedrera de Meia - Geoparc Origens","og_description":"Un embolic que comen\u00e7a al Jur\u00e0ssic Tant en el treball de l\u2019any 1898 com en el de 1902, Vidal li proporciona, temptativament, una edat jur\u00e0ssica (Vidal, 1898), per despr\u00e9s concretar la seva adscripci\u00f3 a l\u2019estatge Kimmeridgi\u00e0 (fa entre 155 i 152 milions d\u2019anys) un cop va fer els primers estudis cient\u00edfics sobre la flora fauna [&hellip;]","og_url":"https:\/\/pedrerademeia.geoparcorigens.cat\/ca\/ledat-dels-jaciments\/","og_site_name":"Pedrera de Meia - Geoparc Origens","article_modified_time":"2021-07-13T08:42:05+00:00","twitter_card":"summary_large_image","twitter_misc":{"Temps estimat de lectura":"3 minuts"},"schema":{"@context":"https:\/\/schema.org","@graph":[{"@type":"WebPage","@id":"https:\/\/pedrerademeia.geoparcorigens.cat\/ca\/ledat-dels-jaciments\/","url":"https:\/\/pedrerademeia.geoparcorigens.cat\/ca\/ledat-dels-jaciments\/","name":"L\u2019edat dels Jaciments - Pedrera de Meia - Geoparc Origens","isPartOf":{"@id":"https:\/\/pedrerademeia.geoparcorigens.cat\/ca\/#website"},"datePublished":"2021-02-24T10:15:23+00:00","dateModified":"2021-07-13T08:42:05+00:00","breadcrumb":{"@id":"https:\/\/pedrerademeia.geoparcorigens.cat\/ca\/ledat-dels-jaciments\/#breadcrumb"},"inLanguage":"ca","potentialAction":[{"@type":"ReadAction","target":["https:\/\/pedrerademeia.geoparcorigens.cat\/ca\/ledat-dels-jaciments\/"]}]},{"@type":"BreadcrumbList","@id":"https:\/\/pedrerademeia.geoparcorigens.cat\/ca\/ledat-dels-jaciments\/#breadcrumb","itemListElement":[{"@type":"ListItem","position":1,"name":"Portada","item":"https:\/\/pedrerademeia.geoparcorigens.cat\/ca\/"},{"@type":"ListItem","position":2,"name":"L\u2019edat dels Jaciments"}]},{"@type":"WebSite","@id":"https:\/\/pedrerademeia.geoparcorigens.cat\/ca\/#website","url":"https:\/\/pedrerademeia.geoparcorigens.cat\/ca\/","name":"Pedrera de Meia - Geoparc Origens","description":"Otro sitio realizado con WordPress","publisher":{"@id":"https:\/\/pedrerademeia.geoparcorigens.cat\/ca\/#organization"},"potentialAction":[{"@type":"SearchAction","target":{"@type":"EntryPoint","urlTemplate":"https:\/\/pedrerademeia.geoparcorigens.cat\/ca\/?s={search_term_string}"},"query-input":{"@type":"PropertyValueSpecification","valueRequired":true,"valueName":"search_term_string"}}],"inLanguage":"ca"},{"@type":"Organization","@id":"https:\/\/pedrerademeia.geoparcorigens.cat\/ca\/#organization","name":"Pedrera de Meia - Geoparc Origens","url":"https:\/\/pedrerademeia.geoparcorigens.cat\/ca\/","logo":{"@type":"ImageObject","inLanguage":"ca","@id":"https:\/\/pedrerademeia.geoparcorigens.cat\/ca\/#\/schema\/logo\/image\/","url":"https:\/\/pedrerademeia.geoparcorigens.cat\/wp-content\/uploads\/cropped-cropped-geoparc_logo_marca_color_transparent.png","contentUrl":"https:\/\/pedrerademeia.geoparcorigens.cat\/wp-content\/uploads\/cropped-cropped-geoparc_logo_marca_color_transparent.png","width":5197,"height":2011,"caption":"Pedrera de Meia - Geoparc Origens"},"image":{"@id":"https:\/\/pedrerademeia.geoparcorigens.cat\/ca\/#\/schema\/logo\/image\/"}}]}},"_links":{"self":[{"href":"https:\/\/pedrerademeia.geoparcorigens.cat\/ca\/wp-json\/wp\/v2\/pages\/253","targetHints":{"allow":["GET"]}}],"collection":[{"href":"https:\/\/pedrerademeia.geoparcorigens.cat\/ca\/wp-json\/wp\/v2\/pages"}],"about":[{"href":"https:\/\/pedrerademeia.geoparcorigens.cat\/ca\/wp-json\/wp\/v2\/types\/page"}],"author":[{"embeddable":true,"href":"https:\/\/pedrerademeia.geoparcorigens.cat\/ca\/wp-json\/wp\/v2\/users\/1"}],"replies":[{"embeddable":true,"href":"https:\/\/pedrerademeia.geoparcorigens.cat\/ca\/wp-json\/wp\/v2\/comments?post=253"}],"version-history":[{"count":0,"href":"https:\/\/pedrerademeia.geoparcorigens.cat\/ca\/wp-json\/wp\/v2\/pages\/253\/revisions"}],"wp:attachment":[{"href":"https:\/\/pedrerademeia.geoparcorigens.cat\/ca\/wp-json\/wp\/v2\/media?parent=253"}],"curies":[{"name":"wp","href":"https:\/\/api.w.org\/{rel}","templated":true}]}}