{"id":529,"date":"2021-03-24T10:11:16","date_gmt":"2021-03-24T10:11:16","guid":{"rendered":"https:\/\/pedrerademeia.geoparcorigens.cat\/?page_id=529"},"modified":"2021-07-07T13:52:21","modified_gmt":"2021-07-07T13:52:21","slug":"totes-les-especies-descrites","status":"publish","type":"page","link":"https:\/\/pedrerademeia.geoparcorigens.cat\/ca\/totes-les-especies-descrites\/","title":{"rendered":"Totes les esp\u00e8cies descrites"},"content":{"rendered":"\n<p>Els jaciments de la Pedrera de Mei\u00e0 i la Cabroa mostren una riquesa i diversitat excepcional. Al llarg dels m\u00e9s de 100 anys de recerca s\u2019ha pogut identificar m\u00e9s de 170 esp\u00e8cies de plantes, invertebrats i vertebrats, que permeten con\u00e8ixer com era aquest ecosistema del Cretaci inferior.<\/p>\n","protected":false},"excerpt":{"rendered":"<p>Els jaciments de la Pedrera de Mei\u00e0 i la Cabroa mostren una riquesa i diversitat excepcional. Al llarg dels m\u00e9s de 100 anys de recerca s\u2019ha pogut identificar m\u00e9s de 170 esp\u00e8cies de plantes, invertebrats i vertebrats, que permeten con\u00e8ixer com era aquest ecosistema del Cretaci inferior.<\/p>\n","protected":false},"author":1,"featured_media":0,"parent":0,"menu_order":0,"comment_status":"closed","ping_status":"closed","template":"page-templates\/page-species.php","meta":{"_acf_changed":false,"footnotes":""},"class_list":["post-529","page","type-page","status-publish","hentry"],"acf":[],"yoast_head":"<!-- This site is optimized with the Yoast SEO plugin v27.2 - https:\/\/yoast.com\/product\/yoast-seo-wordpress\/ -->\n<title>Totes les esp\u00e8cies descrites - Pedrera de Meia - Geoparc Origens<\/title>\n<meta name=\"robots\" content=\"index, follow, max-snippet:-1, max-image-preview:large, max-video-preview:-1\" \/>\n<link rel=\"canonical\" href=\"https:\/\/pedrerademeia.geoparcorigens.cat\/ca\/totes-les-especies-descrites\/\" \/>\n<meta property=\"og:locale\" content=\"ca_ES\" \/>\n<meta property=\"og:type\" content=\"article\" \/>\n<meta property=\"og:title\" content=\"Totes les esp\u00e8cies descrites - Pedrera de Meia - Geoparc Origens\" \/>\n<meta property=\"og:description\" content=\"Els jaciments de la Pedrera de Mei\u00e0 i la Cabroa mostren una riquesa i diversitat excepcional. Al llarg dels m\u00e9s de 100 anys de recerca s\u2019ha pogut identificar m\u00e9s de 170 esp\u00e8cies de plantes, invertebrats i vertebrats, que permeten con\u00e8ixer com era aquest ecosistema del Cretaci inferior.\" \/>\n<meta property=\"og:url\" content=\"https:\/\/pedrerademeia.geoparcorigens.cat\/ca\/totes-les-especies-descrites\/\" \/>\n<meta property=\"og:site_name\" content=\"Pedrera de Meia - Geoparc Origens\" \/>\n<meta property=\"article:modified_time\" content=\"2021-07-07T13:52:21+00:00\" \/>\n<meta name=\"twitter:card\" content=\"summary_large_image\" \/>\n<meta name=\"twitter:label1\" content=\"Temps estimat de lectura\" \/>\n\t<meta name=\"twitter:data1\" content=\"1 minut\" \/>\n<script type=\"application\/ld+json\" class=\"yoast-schema-graph\">{\"@context\":\"https:\/\/schema.org\",\"@graph\":[{\"@type\":\"WebPage\",\"@id\":\"https:\/\/pedrerademeia.geoparcorigens.cat\/ca\/totes-les-especies-descrites\/\",\"url\":\"https:\/\/pedrerademeia.geoparcorigens.cat\/ca\/totes-les-especies-descrites\/\",\"name\":\"Totes les esp\u00e8cies descrites - Pedrera de Meia - Geoparc Origens\",\"isPartOf\":{\"@id\":\"https:\/\/pedrerademeia.geoparcorigens.cat\/ca\/#website\"},\"datePublished\":\"2021-03-24T10:11:16+00:00\",\"dateModified\":\"2021-07-07T13:52:21+00:00\",\"breadcrumb\":{\"@id\":\"https:\/\/pedrerademeia.geoparcorigens.cat\/ca\/totes-les-especies-descrites\/#breadcrumb\"},\"inLanguage\":\"ca\",\"potentialAction\":[{\"@type\":\"ReadAction\",\"target\":[\"https:\/\/pedrerademeia.geoparcorigens.cat\/ca\/totes-les-especies-descrites\/\"]}]},{\"@type\":\"BreadcrumbList\",\"@id\":\"https:\/\/pedrerademeia.geoparcorigens.cat\/ca\/totes-les-especies-descrites\/#breadcrumb\",\"itemListElement\":[{\"@type\":\"ListItem\",\"position\":1,\"name\":\"Portada\",\"item\":\"https:\/\/pedrerademeia.geoparcorigens.cat\/ca\/\"},{\"@type\":\"ListItem\",\"position\":2,\"name\":\"Totes les esp\u00e8cies descrites\"}]},{\"@type\":\"WebSite\",\"@id\":\"https:\/\/pedrerademeia.geoparcorigens.cat\/ca\/#website\",\"url\":\"https:\/\/pedrerademeia.geoparcorigens.cat\/ca\/\",\"name\":\"Pedrera de Meia - Geoparc Origens\",\"description\":\"Otro sitio realizado con WordPress\",\"publisher\":{\"@id\":\"https:\/\/pedrerademeia.geoparcorigens.cat\/ca\/#organization\"},\"potentialAction\":[{\"@type\":\"SearchAction\",\"target\":{\"@type\":\"EntryPoint\",\"urlTemplate\":\"https:\/\/pedrerademeia.geoparcorigens.cat\/ca\/?s={search_term_string}\"},\"query-input\":{\"@type\":\"PropertyValueSpecification\",\"valueRequired\":true,\"valueName\":\"search_term_string\"}}],\"inLanguage\":\"ca\"},{\"@type\":\"Organization\",\"@id\":\"https:\/\/pedrerademeia.geoparcorigens.cat\/ca\/#organization\",\"name\":\"Pedrera de Meia - Geoparc Origens\",\"url\":\"https:\/\/pedrerademeia.geoparcorigens.cat\/ca\/\",\"logo\":{\"@type\":\"ImageObject\",\"inLanguage\":\"ca\",\"@id\":\"https:\/\/pedrerademeia.geoparcorigens.cat\/ca\/#\/schema\/logo\/image\/\",\"url\":\"https:\/\/pedrerademeia.geoparcorigens.cat\/wp-content\/uploads\/cropped-cropped-geoparc_logo_marca_color_transparent.png\",\"contentUrl\":\"https:\/\/pedrerademeia.geoparcorigens.cat\/wp-content\/uploads\/cropped-cropped-geoparc_logo_marca_color_transparent.png\",\"width\":5197,\"height\":2011,\"caption\":\"Pedrera de Meia - Geoparc Origens\"},\"image\":{\"@id\":\"https:\/\/pedrerademeia.geoparcorigens.cat\/ca\/#\/schema\/logo\/image\/\"}}]}<\/script>\n<!-- \/ Yoast SEO plugin. -->","yoast_head_json":{"title":"Totes les esp\u00e8cies descrites - Pedrera de Meia - Geoparc Origens","robots":{"index":"index","follow":"follow","max-snippet":"max-snippet:-1","max-image-preview":"max-image-preview:large","max-video-preview":"max-video-preview:-1"},"canonical":"https:\/\/pedrerademeia.geoparcorigens.cat\/ca\/totes-les-especies-descrites\/","og_locale":"ca_ES","og_type":"article","og_title":"Totes les esp\u00e8cies descrites - Pedrera de Meia - Geoparc Origens","og_description":"Els jaciments de la Pedrera de Mei\u00e0 i la Cabroa mostren una riquesa i diversitat excepcional. Al llarg dels m\u00e9s de 100 anys de recerca s\u2019ha pogut identificar m\u00e9s de 170 esp\u00e8cies de plantes, invertebrats i vertebrats, que permeten con\u00e8ixer com era aquest ecosistema del Cretaci inferior.","og_url":"https:\/\/pedrerademeia.geoparcorigens.cat\/ca\/totes-les-especies-descrites\/","og_site_name":"Pedrera de Meia - Geoparc Origens","article_modified_time":"2021-07-07T13:52:21+00:00","twitter_card":"summary_large_image","twitter_misc":{"Temps estimat de lectura":"1 minut"},"schema":{"@context":"https:\/\/schema.org","@graph":[{"@type":"WebPage","@id":"https:\/\/pedrerademeia.geoparcorigens.cat\/ca\/totes-les-especies-descrites\/","url":"https:\/\/pedrerademeia.geoparcorigens.cat\/ca\/totes-les-especies-descrites\/","name":"Totes les esp\u00e8cies descrites - Pedrera de Meia - Geoparc Origens","isPartOf":{"@id":"https:\/\/pedrerademeia.geoparcorigens.cat\/ca\/#website"},"datePublished":"2021-03-24T10:11:16+00:00","dateModified":"2021-07-07T13:52:21+00:00","breadcrumb":{"@id":"https:\/\/pedrerademeia.geoparcorigens.cat\/ca\/totes-les-especies-descrites\/#breadcrumb"},"inLanguage":"ca","potentialAction":[{"@type":"ReadAction","target":["https:\/\/pedrerademeia.geoparcorigens.cat\/ca\/totes-les-especies-descrites\/"]}]},{"@type":"BreadcrumbList","@id":"https:\/\/pedrerademeia.geoparcorigens.cat\/ca\/totes-les-especies-descrites\/#breadcrumb","itemListElement":[{"@type":"ListItem","position":1,"name":"Portada","item":"https:\/\/pedrerademeia.geoparcorigens.cat\/ca\/"},{"@type":"ListItem","position":2,"name":"Totes les esp\u00e8cies descrites"}]},{"@type":"WebSite","@id":"https:\/\/pedrerademeia.geoparcorigens.cat\/ca\/#website","url":"https:\/\/pedrerademeia.geoparcorigens.cat\/ca\/","name":"Pedrera de Meia - Geoparc Origens","description":"Otro sitio realizado con WordPress","publisher":{"@id":"https:\/\/pedrerademeia.geoparcorigens.cat\/ca\/#organization"},"potentialAction":[{"@type":"SearchAction","target":{"@type":"EntryPoint","urlTemplate":"https:\/\/pedrerademeia.geoparcorigens.cat\/ca\/?s={search_term_string}"},"query-input":{"@type":"PropertyValueSpecification","valueRequired":true,"valueName":"search_term_string"}}],"inLanguage":"ca"},{"@type":"Organization","@id":"https:\/\/pedrerademeia.geoparcorigens.cat\/ca\/#organization","name":"Pedrera de Meia - Geoparc Origens","url":"https:\/\/pedrerademeia.geoparcorigens.cat\/ca\/","logo":{"@type":"ImageObject","inLanguage":"ca","@id":"https:\/\/pedrerademeia.geoparcorigens.cat\/ca\/#\/schema\/logo\/image\/","url":"https:\/\/pedrerademeia.geoparcorigens.cat\/wp-content\/uploads\/cropped-cropped-geoparc_logo_marca_color_transparent.png","contentUrl":"https:\/\/pedrerademeia.geoparcorigens.cat\/wp-content\/uploads\/cropped-cropped-geoparc_logo_marca_color_transparent.png","width":5197,"height":2011,"caption":"Pedrera de Meia - Geoparc Origens"},"image":{"@id":"https:\/\/pedrerademeia.geoparcorigens.cat\/ca\/#\/schema\/logo\/image\/"}}]}},"_links":{"self":[{"href":"https:\/\/pedrerademeia.geoparcorigens.cat\/ca\/wp-json\/wp\/v2\/pages\/529","targetHints":{"allow":["GET"]}}],"collection":[{"href":"https:\/\/pedrerademeia.geoparcorigens.cat\/ca\/wp-json\/wp\/v2\/pages"}],"about":[{"href":"https:\/\/pedrerademeia.geoparcorigens.cat\/ca\/wp-json\/wp\/v2\/types\/page"}],"author":[{"embeddable":true,"href":"https:\/\/pedrerademeia.geoparcorigens.cat\/ca\/wp-json\/wp\/v2\/users\/1"}],"replies":[{"embeddable":true,"href":"https:\/\/pedrerademeia.geoparcorigens.cat\/ca\/wp-json\/wp\/v2\/comments?post=529"}],"version-history":[{"count":0,"href":"https:\/\/pedrerademeia.geoparcorigens.cat\/ca\/wp-json\/wp\/v2\/pages\/529\/revisions"}],"wp:attachment":[{"href":"https:\/\/pedrerademeia.geoparcorigens.cat\/ca\/wp-json\/wp\/v2\/media?parent=529"}],"curies":[{"name":"wp","href":"https:\/\/api.w.org\/{rel}","templated":true}]}}