{"id":667,"date":"2021-04-16T09:16:44","date_gmt":"2021-04-16T09:16:44","guid":{"rendered":"https:\/\/pedrerademeia.geoparcorigens.cat\/?page_id=667"},"modified":"2021-10-18T10:12:54","modified_gmt":"2021-10-18T10:12:54","slug":"politica-de-cookies","status":"publish","type":"page","link":"https:\/\/pedrerademeia.geoparcorigens.cat\/ca\/politica-de-cookies\/","title":{"rendered":"Pol\u00edtica de cookies"},"content":{"rendered":"<div class=\"wrapper-heading\">\n<h3 class=\"wp-block-heading\" id=\"tw-target-text\">Sobre aquesta pol\u00edtica de cookies.<\/h3>\n<\/div>\n\n\n<p id=\"tw-target-text\">Aquesta pol\u00edtica de cookies explica qu\u00e8 s\u00f3n les cookies i com les fem servir. Heu de llegir aquesta pol\u00edtica per entendre qu\u00e8 s\u00f3n les cookies, com les fem servir, els tipus de cookies que fem servir, \u00e9s a dir, la informaci\u00f3 que recopilem mitjan\u00e7ant cookies i com s\u2019utilitza aquesta informaci\u00f3 i com controlar les prefer\u00e8ncies de cookies. Per obtenir m\u00e9s informaci\u00f3 sobre com fem servir, emmagatzemem i mantenim segures les vostres dades personals, consulteu la nostra Pol\u00edtica de privadesa.<\/p>\n\n\n\n<p id=\"tw-target-text\">En qualsevol moment, podeu canviar o retirar el vostre consentiment de la Declaraci\u00f3 de cookies del nostre lloc web. Obteniu m\u00e9s informaci\u00f3 sobre qui som, com podeu contactar amb nosaltres i com processem les dades personals a la nostra Pol\u00edtica de privadesa. El vostre consentiment s\u2019aplica als dominis seg\u00fcents: pedrerademeia.geoparcorigens.cat<div class=\"wt-cli-element cli_user_consent_state\"><\/div><\/p>\n\n\n<div class=\"wrapper-heading\">\n<h3 class=\"wp-block-heading\" id=\"tw-target-text\">Qu\u00e8 s\u00f3n les cookies?<\/h3>\n<\/div>\n\n\n<p id=\"tw-target-text\">Les cookies s\u00f3n petits fitxers de text que s\u2019utilitzen per emmagatzemar petites dades. Les cookies s\u2019emmagatzemen al dispositiu quan es carrega el lloc web al navegador. Aquestes cookies ens ajuden a fer que el lloc web funcioni correctament, a fer que el lloc web sigui m\u00e9s segur, a proporcionar una millor experi\u00e8ncia d\u2019usuari i a entendre el funcionament del lloc web i analitzar qu\u00e8 funciona i on necessita una millora.<\/p>\n\n\n<div class=\"wrapper-heading\">\n<h3 class=\"wp-block-heading\" id=\"tw-target-text\">Com fem servir les cookies?<\/h3>\n<\/div>\n\n\n<p id=\"tw-target-text\">Com la majoria dels serveis en l\u00ednia, el nostre lloc web utilitza cookies pr\u00f2pies i de tercers per a diversos prop\u00f2sits. Les galetes pr\u00f2pies s\u00f3n b\u00e0sicament necess\u00e0ries perqu\u00e8 el lloc web funcioni correctament i no recopilen cap de les vostres dades d\u2019identificaci\u00f3 personal.<\/p>\n\n\n\n<p id=\"tw-target-text\">Les cookies de tercers que s\u2019utilitzen als nostres llocs web s\u2019utilitzen principalment per entendre el funcionament del lloc web, com interactueu amb el nostre lloc web, mantenir segurs els nostres serveis, proporcionar anuncis que siguin rellevants per a vosaltres i, en definitiva, proporcionar-vos una millor i millor experi\u00e8ncia d\u2019usuari i ajuda a accelerar les futures interaccions amb el nostre lloc web.<\/p>\n\n\n<div class=\"wrapper-heading\">\n<h3 class=\"wp-block-heading\" id=\"tw-target-text\">Quins tipus de cookies fem servir?<\/h3>\n<\/div>\n\n\n<p id=\"tw-target-text\">Les cookies que s\u2019utilitzen al nostre lloc web s\u2019agrupen en les seg\u00fcents categories.<\/p>\n\n\n\n<div class=\"wt-cli-element cli_cookie_category_single\"><div class=\"cli_cookie_category_single\"><h5 class=\"cli_cookie_category_single_hd\">Necessary<\/h5><div class=\"cli_cookie_category_single_description\"><p><\/p><\/div><\/div><div class=\"cli_cookie_category_single\"><h5 class=\"cli_cookie_category_single_hd\">Non Necessary<\/h5><div class=\"cli_cookie_category_single_description\"><p><\/p><\/div><\/div><div class=\"cli_cookie_category_single\"><h5 class=\"cli_cookie_category_single_hd\">Other<\/h5><div class=\"cli_cookie_category_single_description\"><p>No description<\/p><\/div><\/div><\/div>\n\n\n\n<p id=\"tw-target-text\">A la llista seg\u00fcent es detallen les cookies utilitzades al nostre lloc web. <table class=\"wt-cli-element cookielawinfo-classic cookielawinfo-row-cat-table\"><thead><tr><th scope=\"col\" class=\"cookielawinfo-column-1\">Cookie<\/th><th scope=\"col\" class=\"cookielawinfo-column-4\">Descripci\u00f3<\/th><\/thead><tbody><tr class=\"cookielawinfo-row-cat-title\"><th colspan=\"2\" class=\"cookielawinfo-row-cat-title-head\">Necessary<\/th><\/tr><tr class=\"cookielawinfo-row\"><td class=\"cookielawinfo-column-1\">viewed_cookie_policy<\/td><td class=\"cookielawinfo-column-4\">The cookie is set by the GDPR Cookie Consent plugin and is used to store whether or not user has consented to the use of cookies. It does not store any personal data.<\/td><\/tr><tr class=\"cookielawinfo-row\"><td class=\"cookielawinfo-column-1\">cookielawinfo-checkbox-non-necessary<\/td><td class=\"cookielawinfo-column-4\">This cookie is set by GDPR Cookie Consent plugin. The cookies is used to store the user consent for the cookies in the category \"Non Necessary\".<\/td><\/tr><tr class=\"cookielawinfo-row\"><td class=\"cookielawinfo-column-1\">cookielawinfo-checkbox-necessary<\/td><td class=\"cookielawinfo-column-4\">This cookie is set by GDPR Cookie Consent plugin. The cookies is used to store the user consent for the cookies in the category \"Necessary\".<\/td><\/tr><tr class=\"cookielawinfo-row-cat-title\"><th colspan=\"2\" class=\"cookielawinfo-row-cat-title-head\">Non Necessary<\/th><\/tr><tr class=\"cookielawinfo-row\"><td class=\"cookielawinfo-column-1\">test_cookie<\/td><td class=\"cookielawinfo-column-4\">No description<\/td><\/tr><tr class=\"cookielawinfo-row-cat-title\"><th colspan=\"2\" class=\"cookielawinfo-row-cat-title-head\">Other<\/th><\/tr><tr class=\"cookielawinfo-row\"><td class=\"cookielawinfo-column-1\">ytidb::LAST_RESULT_ENTRY_KEY<\/td><td class=\"cookielawinfo-column-4\">No description<\/td><\/tr><tr class=\"cookielawinfo-row\"><td class=\"cookielawinfo-column-1\">cookielawinfo-checkbox-other<\/td><td class=\"cookielawinfo-column-4\">No description<\/td><\/tr><tr class=\"cookielawinfo-row\"><td class=\"cookielawinfo-column-1\">cookielawinfo-checkbox-non-necessary-2<\/td><td class=\"cookielawinfo-column-4\">No description<\/td><\/tr><tr class=\"cookielawinfo-row\"><td class=\"cookielawinfo-column-1\">YSC<\/td><td class=\"cookielawinfo-column-4\">No description<\/td><\/tr><tr class=\"cookielawinfo-row\"><td class=\"cookielawinfo-column-1\">VISITOR_INFO1_LIVE<\/td><td class=\"cookielawinfo-column-4\">No description<\/td><\/tr><tr class=\"cookielawinfo-row\"><td class=\"cookielawinfo-column-1\">IDE<\/td><td class=\"cookielawinfo-column-4\">No description<\/td><\/tr><tr class=\"cookielawinfo-row\"><td class=\"cookielawinfo-column-1\">CONSENT<\/td><td class=\"cookielawinfo-column-4\">No description<\/td><\/tr><tr class=\"cookielawinfo-row\"><td class=\"cookielawinfo-column-1\">yt-remote-device-id<\/td><td class=\"cookielawinfo-column-4\">No description<\/td><\/tr><tr class=\"cookielawinfo-row\"><td class=\"cookielawinfo-column-1\">yt-remote-connected-devices<\/td><td class=\"cookielawinfo-column-4\">No description<\/td><\/tr><tr class=\"cookielawinfo-row\"><td class=\"cookielawinfo-column-1\">yt.innertube::requests<\/td><td class=\"cookielawinfo-column-4\">No description<\/td><\/tr><tr class=\"cookielawinfo-row\"><td class=\"cookielawinfo-column-1\">yt.innertube::nextId<\/td><td class=\"cookielawinfo-column-4\">No description<\/td><\/tr><tr class=\"cookielawinfo-row\"><td class=\"cookielawinfo-column-1\">cookielawinfo-checkbox-necessary-2<\/td><td class=\"cookielawinfo-column-4\">No description<\/td><\/tr><\/tbody><\/table><\/p>\n\n\n<div class=\"wrapper-heading\">\n<h3 class=\"wp-block-heading\" id=\"tw-target-text\">Com puc controlar les prefer\u00e8ncies de cookies?<\/h3>\n<\/div>\n\n\n<p id=\"tw-target-text\">Podeu gestionar les vostres prefer\u00e8ncies de galetes fent clic al bot\u00f3 &#8220;Configuraci\u00f3&#8221; i activant o desactivant les categories de galetes a la finestra emergent segons les vostres prefer\u00e8ncies.<\/p>\n\n\n\n<p id=\"tw-target-text\">Si decidiu canviar les vostres prefer\u00e8ncies m\u00e9s endavant a trav\u00e9s de la sessi\u00f3 de navegaci\u00f3, podeu fer clic a la pestanya &#8220;Pol\u00edtica de privadesa i cookies&#8221; de la pantalla. Es mostrar\u00e0 de nou l&#8217;av\u00eds de consentiment que us permetr\u00e0 canviar les vostres prefer\u00e8ncies o retirar-lo completament.<\/p>\n\n\n\n<p id=\"tw-target-text\">A m\u00e9s, diferents navegadors proporcionen m\u00e8todes diferents per bloquejar i eliminar les cookies que fan servir els llocs web. Podeu canviar la configuraci\u00f3 del navegador per bloquejar \/ eliminar les cookies. Per obtenir m\u00e9s informaci\u00f3 sobre com gestionar i eliminar les cookies, visiteu wikipedia.org, www.allaboutcookies.org.<\/p>\n\n\n","protected":false},"excerpt":{"rendered":"<p>Sobre aquesta pol\u00edtica de cookies. Aquesta pol\u00edtica de cookies explica qu\u00e8 s\u00f3n les cookies i com les fem servir. Heu de llegir aquesta pol\u00edtica per entendre qu\u00e8 s\u00f3n les cookies, com les fem servir, els tipus de cookies que fem servir, \u00e9s a dir, la informaci\u00f3 que recopilem mitjan\u00e7ant cookies i com s\u2019utilitza aquesta informaci\u00f3 [&hellip;]<\/p>\n","protected":false},"author":1,"featured_media":0,"parent":0,"menu_order":0,"comment_status":"closed","ping_status":"closed","template":"","meta":{"_acf_changed":false,"footnotes":""},"class_list":["post-667","page","type-page","status-publish","hentry"],"acf":[],"yoast_head":"<!-- This site is optimized with the Yoast SEO plugin v27.4 - https:\/\/yoast.com\/product\/yoast-seo-wordpress\/ -->\n<title>Pol\u00edtica de cookies - Pedrera de Meia - Geoparc Origens<\/title>\n<meta name=\"robots\" content=\"index, follow, max-snippet:-1, max-image-preview:large, max-video-preview:-1\" \/>\n<link rel=\"canonical\" href=\"https:\/\/pedrerademeia.geoparcorigens.cat\/ca\/politica-de-cookies\/\" \/>\n<meta property=\"og:locale\" content=\"ca_ES\" \/>\n<meta property=\"og:type\" content=\"article\" \/>\n<meta property=\"og:title\" content=\"Pol\u00edtica de cookies - Pedrera de Meia - Geoparc Origens\" \/>\n<meta property=\"og:description\" content=\"Sobre aquesta pol\u00edtica de cookies. Aquesta pol\u00edtica de cookies explica qu\u00e8 s\u00f3n les cookies i com les fem servir. Heu de llegir aquesta pol\u00edtica per entendre qu\u00e8 s\u00f3n les cookies, com les fem servir, els tipus de cookies que fem servir, \u00e9s a dir, la informaci\u00f3 que recopilem mitjan\u00e7ant cookies i com s\u2019utilitza aquesta informaci\u00f3 [&hellip;]\" \/>\n<meta property=\"og:url\" content=\"https:\/\/pedrerademeia.geoparcorigens.cat\/ca\/politica-de-cookies\/\" \/>\n<meta property=\"og:site_name\" content=\"Pedrera de Meia - Geoparc Origens\" \/>\n<meta property=\"article:modified_time\" content=\"2021-10-18T10:12:54+00:00\" \/>\n<meta name=\"twitter:card\" content=\"summary_large_image\" \/>\n<meta name=\"twitter:label1\" content=\"Temps estimat de lectura\" \/>\n\t<meta name=\"twitter:data1\" content=\"3 minuts\" \/>\n<script type=\"application\/ld+json\" class=\"yoast-schema-graph\">{\"@context\":\"https:\\\/\\\/schema.org\",\"@graph\":[{\"@type\":\"WebPage\",\"@id\":\"https:\\\/\\\/pedrerademeia.geoparcorigens.cat\\\/ca\\\/politica-de-cookies\\\/\",\"url\":\"https:\\\/\\\/pedrerademeia.geoparcorigens.cat\\\/ca\\\/politica-de-cookies\\\/\",\"name\":\"Pol\u00edtica de cookies - Pedrera de Meia - Geoparc Origens\",\"isPartOf\":{\"@id\":\"https:\\\/\\\/pedrerademeia.geoparcorigens.cat\\\/ca\\\/#website\"},\"datePublished\":\"2021-04-16T09:16:44+00:00\",\"dateModified\":\"2021-10-18T10:12:54+00:00\",\"breadcrumb\":{\"@id\":\"https:\\\/\\\/pedrerademeia.geoparcorigens.cat\\\/ca\\\/politica-de-cookies\\\/#breadcrumb\"},\"inLanguage\":\"ca\",\"potentialAction\":[{\"@type\":\"ReadAction\",\"target\":[\"https:\\\/\\\/pedrerademeia.geoparcorigens.cat\\\/ca\\\/politica-de-cookies\\\/\"]}]},{\"@type\":\"BreadcrumbList\",\"@id\":\"https:\\\/\\\/pedrerademeia.geoparcorigens.cat\\\/ca\\\/politica-de-cookies\\\/#breadcrumb\",\"itemListElement\":[{\"@type\":\"ListItem\",\"position\":1,\"name\":\"Portada\",\"item\":\"https:\\\/\\\/pedrerademeia.geoparcorigens.cat\\\/ca\\\/\"},{\"@type\":\"ListItem\",\"position\":2,\"name\":\"Pol\u00edtica de cookies\"}]},{\"@type\":\"WebSite\",\"@id\":\"https:\\\/\\\/pedrerademeia.geoparcorigens.cat\\\/ca\\\/#website\",\"url\":\"https:\\\/\\\/pedrerademeia.geoparcorigens.cat\\\/ca\\\/\",\"name\":\"Pedrera de Meia - Geoparc Origens\",\"description\":\"Otro sitio realizado con WordPress\",\"publisher\":{\"@id\":\"https:\\\/\\\/pedrerademeia.geoparcorigens.cat\\\/ca\\\/#organization\"},\"potentialAction\":[{\"@type\":\"SearchAction\",\"target\":{\"@type\":\"EntryPoint\",\"urlTemplate\":\"https:\\\/\\\/pedrerademeia.geoparcorigens.cat\\\/ca\\\/?s={search_term_string}\"},\"query-input\":{\"@type\":\"PropertyValueSpecification\",\"valueRequired\":true,\"valueName\":\"search_term_string\"}}],\"inLanguage\":\"ca\"},{\"@type\":\"Organization\",\"@id\":\"https:\\\/\\\/pedrerademeia.geoparcorigens.cat\\\/ca\\\/#organization\",\"name\":\"Pedrera de Meia - Geoparc Origens\",\"url\":\"https:\\\/\\\/pedrerademeia.geoparcorigens.cat\\\/ca\\\/\",\"logo\":{\"@type\":\"ImageObject\",\"inLanguage\":\"ca\",\"@id\":\"https:\\\/\\\/pedrerademeia.geoparcorigens.cat\\\/ca\\\/#\\\/schema\\\/logo\\\/image\\\/\",\"url\":\"https:\\\/\\\/pedrerademeia.geoparcorigens.cat\\\/wp-content\\\/uploads\\\/cropped-cropped-geoparc_logo_marca_color_transparent.png\",\"contentUrl\":\"https:\\\/\\\/pedrerademeia.geoparcorigens.cat\\\/wp-content\\\/uploads\\\/cropped-cropped-geoparc_logo_marca_color_transparent.png\",\"width\":5197,\"height\":2011,\"caption\":\"Pedrera de Meia - Geoparc Origens\"},\"image\":{\"@id\":\"https:\\\/\\\/pedrerademeia.geoparcorigens.cat\\\/ca\\\/#\\\/schema\\\/logo\\\/image\\\/\"}}]}<\/script>\n<!-- \/ Yoast SEO plugin. -->","yoast_head_json":{"title":"Pol\u00edtica de cookies - Pedrera de Meia - Geoparc Origens","robots":{"index":"index","follow":"follow","max-snippet":"max-snippet:-1","max-image-preview":"max-image-preview:large","max-video-preview":"max-video-preview:-1"},"canonical":"https:\/\/pedrerademeia.geoparcorigens.cat\/ca\/politica-de-cookies\/","og_locale":"ca_ES","og_type":"article","og_title":"Pol\u00edtica de cookies - Pedrera de Meia - Geoparc Origens","og_description":"Sobre aquesta pol\u00edtica de cookies. Aquesta pol\u00edtica de cookies explica qu\u00e8 s\u00f3n les cookies i com les fem servir. Heu de llegir aquesta pol\u00edtica per entendre qu\u00e8 s\u00f3n les cookies, com les fem servir, els tipus de cookies que fem servir, \u00e9s a dir, la informaci\u00f3 que recopilem mitjan\u00e7ant cookies i com s\u2019utilitza aquesta informaci\u00f3 [&hellip;]","og_url":"https:\/\/pedrerademeia.geoparcorigens.cat\/ca\/politica-de-cookies\/","og_site_name":"Pedrera de Meia - Geoparc Origens","article_modified_time":"2021-10-18T10:12:54+00:00","twitter_card":"summary_large_image","twitter_misc":{"Temps estimat de lectura":"3 minuts"},"schema":{"@context":"https:\/\/schema.org","@graph":[{"@type":"WebPage","@id":"https:\/\/pedrerademeia.geoparcorigens.cat\/ca\/politica-de-cookies\/","url":"https:\/\/pedrerademeia.geoparcorigens.cat\/ca\/politica-de-cookies\/","name":"Pol\u00edtica de cookies - Pedrera de Meia - Geoparc Origens","isPartOf":{"@id":"https:\/\/pedrerademeia.geoparcorigens.cat\/ca\/#website"},"datePublished":"2021-04-16T09:16:44+00:00","dateModified":"2021-10-18T10:12:54+00:00","breadcrumb":{"@id":"https:\/\/pedrerademeia.geoparcorigens.cat\/ca\/politica-de-cookies\/#breadcrumb"},"inLanguage":"ca","potentialAction":[{"@type":"ReadAction","target":["https:\/\/pedrerademeia.geoparcorigens.cat\/ca\/politica-de-cookies\/"]}]},{"@type":"BreadcrumbList","@id":"https:\/\/pedrerademeia.geoparcorigens.cat\/ca\/politica-de-cookies\/#breadcrumb","itemListElement":[{"@type":"ListItem","position":1,"name":"Portada","item":"https:\/\/pedrerademeia.geoparcorigens.cat\/ca\/"},{"@type":"ListItem","position":2,"name":"Pol\u00edtica de cookies"}]},{"@type":"WebSite","@id":"https:\/\/pedrerademeia.geoparcorigens.cat\/ca\/#website","url":"https:\/\/pedrerademeia.geoparcorigens.cat\/ca\/","name":"Pedrera de Meia - Geoparc Origens","description":"Otro sitio realizado con WordPress","publisher":{"@id":"https:\/\/pedrerademeia.geoparcorigens.cat\/ca\/#organization"},"potentialAction":[{"@type":"SearchAction","target":{"@type":"EntryPoint","urlTemplate":"https:\/\/pedrerademeia.geoparcorigens.cat\/ca\/?s={search_term_string}"},"query-input":{"@type":"PropertyValueSpecification","valueRequired":true,"valueName":"search_term_string"}}],"inLanguage":"ca"},{"@type":"Organization","@id":"https:\/\/pedrerademeia.geoparcorigens.cat\/ca\/#organization","name":"Pedrera de Meia - Geoparc Origens","url":"https:\/\/pedrerademeia.geoparcorigens.cat\/ca\/","logo":{"@type":"ImageObject","inLanguage":"ca","@id":"https:\/\/pedrerademeia.geoparcorigens.cat\/ca\/#\/schema\/logo\/image\/","url":"https:\/\/pedrerademeia.geoparcorigens.cat\/wp-content\/uploads\/cropped-cropped-geoparc_logo_marca_color_transparent.png","contentUrl":"https:\/\/pedrerademeia.geoparcorigens.cat\/wp-content\/uploads\/cropped-cropped-geoparc_logo_marca_color_transparent.png","width":5197,"height":2011,"caption":"Pedrera de Meia - Geoparc Origens"},"image":{"@id":"https:\/\/pedrerademeia.geoparcorigens.cat\/ca\/#\/schema\/logo\/image\/"}}]}},"_links":{"self":[{"href":"https:\/\/pedrerademeia.geoparcorigens.cat\/ca\/wp-json\/wp\/v2\/pages\/667","targetHints":{"allow":["GET"]}}],"collection":[{"href":"https:\/\/pedrerademeia.geoparcorigens.cat\/ca\/wp-json\/wp\/v2\/pages"}],"about":[{"href":"https:\/\/pedrerademeia.geoparcorigens.cat\/ca\/wp-json\/wp\/v2\/types\/page"}],"author":[{"embeddable":true,"href":"https:\/\/pedrerademeia.geoparcorigens.cat\/ca\/wp-json\/wp\/v2\/users\/1"}],"replies":[{"embeddable":true,"href":"https:\/\/pedrerademeia.geoparcorigens.cat\/ca\/wp-json\/wp\/v2\/comments?post=667"}],"version-history":[{"count":0,"href":"https:\/\/pedrerademeia.geoparcorigens.cat\/ca\/wp-json\/wp\/v2\/pages\/667\/revisions"}],"wp:attachment":[{"href":"https:\/\/pedrerademeia.geoparcorigens.cat\/ca\/wp-json\/wp\/v2\/media?parent=667"}],"curies":[{"name":"wp","href":"https:\/\/api.w.org\/{rel}","templated":true}]}}