{"id":21,"date":"2021-02-22T11:34:50","date_gmt":"2021-02-22T11:34:50","guid":{"rendered":"https:\/\/pedrerademeia.geoparcorigens.cat\/pagina-principal\/"},"modified":"2025-04-02T09:01:49","modified_gmt":"2025-04-02T09:01:49","slug":"pagina-principal","status":"publish","type":"page","link":"https:\/\/pedrerademeia.geoparcorigens.cat\/es\/","title":{"rendered":"P\u00e1gina principal"},"content":{"rendered":"\n<div class=\"cont--text-carousel bg_grey\">\n\n    <div class=\"cont--title\">\n        <h2>El Geoparque Or\u00edgenes<\/h2>\n    <\/div>\n\n    \n    <div class=\"items--text-carousel owl-carousel\">\n\n        \n            \n                <div class=\"item content--text-carousel-item\">\n                                        <div class=\"cont--text\">\n                        <p>El Geoparque Or\u00edgenes, situado en los Pirineos catalanes, presenta una riqueza geol\u00f3gica, lo que ha permitido que desde el a\u00f1o 2018 forme parte de la Red Mundial de Geoparques de la UNESCO.<\/p>\n<p>Este territorio de 2.040 kil\u00f3metros cuadrados de superficie incluye 19 municipios distribuidos en 4 comarcas: El Pallars Juss\u00e0, La Noguera, L&#8217;Alt Urgell y El Pallars Sobir\u00e0.<\/p>\n                    <\/div>\n                <\/div>\n\n            \n                <div class=\"item content--text-carousel-item\">\n                                        <div class=\"cont--text\">\n                        <p>El Geoparque Or\u00edgenes ofrece numerosas actividades que permiten realizar un aut\u00e9ntico viaje en el tiempo para descubrir los or\u00edgenes de la evoluci\u00f3n de la Tierra y de la vida, desde el Big Bang hasta nuestros d\u00edas.<\/p>\n<p>Los geoparques son territorios habitados con valores geol\u00f3gicos excepcionales reconocidos por la UNESCO que contribuyen al desarrollo local sostenible a trav\u00e9s de la conservaci\u00f3n y promoci\u00f3n de su patrimonio geol\u00f3gico, natural y cultural.<\/p>\n                    <\/div>\n                <\/div>\n\n            \n                <div class=\"item content--text-carousel-item\">\n                                        <div class=\"cont--text\">\n                        <p>El portal web que aqui se presenta permite la divulgaci\u00f3n del excepcional registro f\u00f3sil de la Pedrera de Mei\u00e0 a nivel cient\u00edfico, educativo y divulgativo.<\/p>\n<p>La cantera de Mei\u00e0, situada dentro del del Geoparque Or\u00edgenes, es considerada uno de los elementos geol\u00f3gicos m\u00e1s excepcionales de este territorio.<\/p>\n<p>&nbsp;<\/p>\n                    <\/div>\n                <\/div>\n\n            \n                <div class=\"item content--text-carousel-item\">\n                                        <div class=\"cont--text\">\n                        <p>Algunos de los objetivos de la web son:<\/p>\n<p>(1) permitir el acceso a la comunidad cient\u00edfica a un registro f\u00f3sil que actualmente se encuentra distribuido por diferentes museos y centros de toda Europa,<\/p>\n<p>(2) contribuir a los programas educativos de las escuelas de Paleontolog\u00eda de todo el mundo, as\u00ed como a las escuelas de primaria y secundaria,<\/p>\n                    <\/div>\n                <\/div>\n\n            \n                <div class=\"item content--text-carousel-item\">\n                                        <div class=\"cont--text\">\n                        <p>(3) contribuir a la difusi\u00f3n de este registro f\u00f3sil excepcional y a la historia de su descubrimiento.<\/p>\n<p>Desde el Geoparc Or\u00edgenes os recomendamos visitar el Centro de interpretaci\u00f3n del Montsec de Mei\u00e0 en Vilanova de Mei\u00e0 donde se puede disfrutar de algunos de los ejemplares m\u00e1s extraordinarios descubiertos en este lugar, y acceder a visitas guiadas a los yacimientos con gu\u00edas especializados.<\/p>\n                    <\/div>\n                <\/div>\n\n            \n        \n    <\/div>\n\n            <div class=\"cont--link\">\n                            <a href=\"https:\/\/www.geoparcorigens.cat\/es\/\" target=\"_blank\">\n                    SABER M\u00c1S                <\/a>\n                    <\/div>\n    \n<\/div>\n\n\n<div class=\"cont--text-carousel bg_white\">\n\n    <div class=\"cont--title\">\n        <h2>Serra del Montsec<\/h2>\n    <\/div>\n\n    \n    <div class=\"items--text-carousel owl-carousel\">\n\n        \n            \n                <div class=\"item content--text-carousel-item\">\n                                            <div class=\"cont--media\">\n                            <div class=\"cont--media-inner\">\n                                <div class=\"cont--video--image\">\n                                    <div class=\"cont--image\">\n                                        <img loading=\"lazy\" decoding=\"async\" width=\"600\" height=\"415\" src=\"https:\/\/pedrerademeia.geoparcorigens.cat\/wp-content\/uploads\/2021\/02\/img-jaciment-pedrera02.jpg\" class=\"attachment-full size-full\" alt=\"\" \/>                                    <\/div>\n                                                                            <div class=\"button--play\">\n                                            <a id=\"play-video\"><\/a>\n                                        <\/div>\n                                                                    <\/div>\n\n                                                                    <div class=\"cont--video--iframe\">\n                                        <div class=\"cont--video\">\n                                            <iframe loading=\"lazy\" width=\"400\" height=\"300\" src=\"https:\/\/www.youtube.com\/embed\/r8nawTdFGn8\" frameborder=\"0\" allow=\"accelerometer; autoplay; clipboard-write; encrypted-media; gyroscope; picture-in-picture\" allowfullscreen><\/iframe>\n                                        <\/div>\n                                    <\/div>\n                                                            <\/div>\n                        <\/div>\n                                        <div class=\"cont--text\">\n                        <p>En la Serra del Montsec de Mei\u00e0, a caballo entre las comarcas de La Noguera y El Pallars, se ha encontrado una excepcional colecci\u00f3n de restos f\u00f3siles que, por diversos motivos, permanecen todav\u00eda muy poco conocidos, tanto en ambientes cient\u00edficos como en el \u00e1mbito popular.<\/p>\n                    <\/div>\n                <\/div>\n\n            \n                <div class=\"item content--text-carousel-item\">\n                                        <div class=\"cont--text\">\n                        <p>Las rocas que componen este macizo calc\u00e1rio, que se levanta hasta 1.700 metros de altitud, se formaron principalmente durante el Jur\u00e1sico y el Cret\u00e1cico. De los aproximadamente 150 millones de a\u00f1os de historia de estas rocas, queremos destacar un periodo muy corto que corresponde al momento geol\u00f3gico en que uno o varios lagos de agua dulce ocuparon esta zona. <\/p>\n<p>Esto ocurri\u00f3 hace unos 125 millones de a\u00f1os, durante el Cret\u00e1cico inferior, en plena \u00e9poca de los dinosaurios, cuando estas masas de agua dulce estaban llenas de vida y serv\u00edan de h\u00e1bitat para animales y plantas que al morir se depositaban en su fondo de los lagos.<\/p>\n                    <\/div>\n                <\/div>\n\n            \n        \n    <\/div>\n\n    \n<\/div>\n\n\n<div class=\"cont--text-carousel bg_grey\">\n\n    <div class=\"cont--title\">\n        <h2>Los lagos de El Montsec<\/h2>\n    <\/div>\n\n    \n    <div class=\"items--text-carousel owl-carousel\">\n\n        \n            \n                <div class=\"item content--text-carousel-item\">\n                                        <div class=\"cont--text\">\n                        <p>En el fondo de estos lagos, donde muchas veces no hab\u00eda presencia de ox\u00edgeno y, en consecuencia, sin organismos descomponedores, los restos de animales y plantas se sedimentaban junto con el carbonato c\u00e1lcico de las aguas. El resultado son unas l\u00e1minas de carbonato superpuestas hasta formar espesores de varios cent\u00edmetros que, en su interior, esconden los restos f\u00f3siles de los habitantes de aquel ecosistema. <\/p>\n                    <\/div>\n                <\/div>\n\n            \n        \n    <\/div>\n\n            <div class=\"cont--link\">\n                            <a href=\"https:\/\/pedrerademeia.geoparcorigens.cat\/es\/historia-de-los-hallazgos\/\">\n                    Ver la historia de los hallazgos                <\/a>\n\n                    <\/div>\n    \n<\/div>\n\n\n<div class=\"cont--text-carousel bg_white\">\n\n    <div class=\"cont--title\">\n        <h2>Una conservaci\u00f3n excepcional  <\/h2>\n    <\/div>\n\n    \n    <div class=\"items--text-carousel owl-carousel\">\n\n        \n            \n                <div class=\"item content--text-carousel-item\">\n                                        <div class=\"cont--text\">\n                        <p>Su grado de conservaci\u00f3n es excepcional.<\/p>\n<p>Nos encontramos en un yacimiento clasificado como <em>Konservat-Lagerst\u00e4tten<\/em>, es decir, un almac\u00e9n de f\u00f3siles con un elevado grado de preservaci\u00f3n con f\u00f3siles que muestran, por ejemplo, las marcas del contorno del cuerpo, de tejidos blandos o las nervaciones de un ala.<\/p>\n                    <\/div>\n                <\/div>\n\n            \n        \n    <\/div>\n\n            <div class=\"cont--link\">\n                            <a href=\"https:\/\/pedrerademeia.geoparcorigens.cat\/es\/todas-las-especies-descritas\/\">\n                    Ver las especies                <\/a>\n\n                    <\/div>\n    \n<\/div>\n\n\n<div class=\"cont--text-carousel bg_white\">\n\n    <div class=\"cont--title\">\n        <h2>Una gran dispersi\u00f3n de los hallazgos<\/h2>\n    <\/div>\n\n    \n    <div class=\"items--text-carousel owl-carousel\">\n\n        \n            \n                <div class=\"item content--text-carousel-item\">\n                                        <div class=\"cont--text\">\n                        <p>Desgraciadamente, los miles de f\u00f3siles que han salido de estos yacimientos se encuentran repartidos entre varios museos y colecciones particulares, lo que ha enmascarado la importancia de las m\u00e1s de 100 especies nuevas que se ha descrito.<\/p>\n<p>Y lo que tambi\u00e9n podemos considerar excepcional es la historia de su descubrimiento, explotaci\u00f3n y dispersi\u00f3n de los hallazgos, hechos que abarcan casi 150 a\u00f1os de historia.<br \/>\nAqu\u00ed podr\u00e9is encontrar esta historia, los personajes que participaron y los f\u00f3siles que si han encontrado.<\/p>\n                    <\/div>\n                <\/div>\n\n            \n        \n    <\/div>\n\n            <div class=\"cont--link\">\n                            <a href=\"https:\/\/pedrerademeia.geoparcorigens.cat\/es\/la-dispersion-de-la-coleccion-historia-y-contenido\/\">\n                    Ver las colecciones                <\/a>\n\n                    <\/div>\n    \n<\/div>","protected":false},"excerpt":{"rendered":"","protected":false},"author":1,"featured_media":0,"parent":0,"menu_order":0,"comment_status":"closed","ping_status":"closed","template":"page-templates\/page-home.php","meta":{"_acf_changed":false,"footnotes":""},"class_list":["post-21","page","type-page","status-publish","hentry"],"acf":[],"yoast_head":"<!-- This site is optimized with the Yoast SEO plugin v27.4 - https:\/\/yoast.com\/product\/yoast-seo-wordpress\/ -->\n<title>P\u00e1gina principal - Pedrera de Meia - Geoparc Origens<\/title>\n<meta name=\"robots\" content=\"index, follow, max-snippet:-1, max-image-preview:large, max-video-preview:-1\" \/>\n<link rel=\"canonical\" href=\"https:\/\/pedrerademeia.geoparcorigens.cat\/es\/\" \/>\n<meta property=\"og:locale\" content=\"es_ES\" \/>\n<meta property=\"og:type\" content=\"article\" \/>\n<meta property=\"og:title\" content=\"P\u00e1gina principal - Pedrera de Meia - Geoparc Origens\" \/>\n<meta property=\"og:url\" content=\"https:\/\/pedrerademeia.geoparcorigens.cat\/es\/\" \/>\n<meta property=\"og:site_name\" content=\"Pedrera de Meia - Geoparc Origens\" \/>\n<meta property=\"article:modified_time\" content=\"2025-04-02T09:01:49+00:00\" \/>\n<meta name=\"twitter:card\" content=\"summary_large_image\" \/>\n<script type=\"application\/ld+json\" class=\"yoast-schema-graph\">{\"@context\":\"https:\\\/\\\/schema.org\",\"@graph\":[{\"@type\":\"WebPage\",\"@id\":\"https:\\\/\\\/pedrerademeia.geoparcorigens.cat\\\/es\\\/\",\"url\":\"https:\\\/\\\/pedrerademeia.geoparcorigens.cat\\\/es\\\/\",\"name\":\"P\u00e1gina principal - Pedrera de Meia - Geoparc Origens\",\"isPartOf\":{\"@id\":\"https:\\\/\\\/pedrerademeia.geoparcorigens.cat\\\/es\\\/#website\"},\"datePublished\":\"2021-02-22T11:34:50+00:00\",\"dateModified\":\"2025-04-02T09:01:49+00:00\",\"breadcrumb\":{\"@id\":\"https:\\\/\\\/pedrerademeia.geoparcorigens.cat\\\/es\\\/#breadcrumb\"},\"inLanguage\":\"es\",\"potentialAction\":[{\"@type\":\"ReadAction\",\"target\":[\"https:\\\/\\\/pedrerademeia.geoparcorigens.cat\\\/es\\\/\"]}]},{\"@type\":\"BreadcrumbList\",\"@id\":\"https:\\\/\\\/pedrerademeia.geoparcorigens.cat\\\/es\\\/#breadcrumb\",\"itemListElement\":[{\"@type\":\"ListItem\",\"position\":1,\"name\":\"Portada\",\"item\":\"https:\\\/\\\/pedrerademeia.geoparcorigens.cat\\\/es\\\/\"},{\"@type\":\"ListItem\",\"position\":2,\"name\":\"P\u00e1gina principal\"}]},{\"@type\":\"WebSite\",\"@id\":\"https:\\\/\\\/pedrerademeia.geoparcorigens.cat\\\/es\\\/#website\",\"url\":\"https:\\\/\\\/pedrerademeia.geoparcorigens.cat\\\/es\\\/\",\"name\":\"Pedrera de Meia - Geoparc Origens\",\"description\":\"Otro sitio realizado con WordPress\",\"publisher\":{\"@id\":\"https:\\\/\\\/pedrerademeia.geoparcorigens.cat\\\/es\\\/#organization\"},\"potentialAction\":[{\"@type\":\"SearchAction\",\"target\":{\"@type\":\"EntryPoint\",\"urlTemplate\":\"https:\\\/\\\/pedrerademeia.geoparcorigens.cat\\\/es\\\/?s={search_term_string}\"},\"query-input\":{\"@type\":\"PropertyValueSpecification\",\"valueRequired\":true,\"valueName\":\"search_term_string\"}}],\"inLanguage\":\"es\"},{\"@type\":\"Organization\",\"@id\":\"https:\\\/\\\/pedrerademeia.geoparcorigens.cat\\\/es\\\/#organization\",\"name\":\"Pedrera de Meia - Geoparc Origens\",\"url\":\"https:\\\/\\\/pedrerademeia.geoparcorigens.cat\\\/es\\\/\",\"logo\":{\"@type\":\"ImageObject\",\"inLanguage\":\"es\",\"@id\":\"https:\\\/\\\/pedrerademeia.geoparcorigens.cat\\\/es\\\/#\\\/schema\\\/logo\\\/image\\\/\",\"url\":\"https:\\\/\\\/pedrerademeia.geoparcorigens.cat\\\/wp-content\\\/uploads\\\/cropped-cropped-geoparc_logo_marca_color_transparent.png\",\"contentUrl\":\"https:\\\/\\\/pedrerademeia.geoparcorigens.cat\\\/wp-content\\\/uploads\\\/cropped-cropped-geoparc_logo_marca_color_transparent.png\",\"width\":5197,\"height\":2011,\"caption\":\"Pedrera de Meia - Geoparc Origens\"},\"image\":{\"@id\":\"https:\\\/\\\/pedrerademeia.geoparcorigens.cat\\\/es\\\/#\\\/schema\\\/logo\\\/image\\\/\"}}]}<\/script>\n<!-- \/ Yoast SEO plugin. -->","yoast_head_json":{"title":"P\u00e1gina principal - Pedrera de Meia - Geoparc Origens","robots":{"index":"index","follow":"follow","max-snippet":"max-snippet:-1","max-image-preview":"max-image-preview:large","max-video-preview":"max-video-preview:-1"},"canonical":"https:\/\/pedrerademeia.geoparcorigens.cat\/es\/","og_locale":"es_ES","og_type":"article","og_title":"P\u00e1gina principal - Pedrera de Meia - Geoparc Origens","og_url":"https:\/\/pedrerademeia.geoparcorigens.cat\/es\/","og_site_name":"Pedrera de Meia - Geoparc Origens","article_modified_time":"2025-04-02T09:01:49+00:00","twitter_card":"summary_large_image","schema":{"@context":"https:\/\/schema.org","@graph":[{"@type":"WebPage","@id":"https:\/\/pedrerademeia.geoparcorigens.cat\/es\/","url":"https:\/\/pedrerademeia.geoparcorigens.cat\/es\/","name":"P\u00e1gina principal - Pedrera de Meia - Geoparc Origens","isPartOf":{"@id":"https:\/\/pedrerademeia.geoparcorigens.cat\/es\/#website"},"datePublished":"2021-02-22T11:34:50+00:00","dateModified":"2025-04-02T09:01:49+00:00","breadcrumb":{"@id":"https:\/\/pedrerademeia.geoparcorigens.cat\/es\/#breadcrumb"},"inLanguage":"es","potentialAction":[{"@type":"ReadAction","target":["https:\/\/pedrerademeia.geoparcorigens.cat\/es\/"]}]},{"@type":"BreadcrumbList","@id":"https:\/\/pedrerademeia.geoparcorigens.cat\/es\/#breadcrumb","itemListElement":[{"@type":"ListItem","position":1,"name":"Portada","item":"https:\/\/pedrerademeia.geoparcorigens.cat\/es\/"},{"@type":"ListItem","position":2,"name":"P\u00e1gina principal"}]},{"@type":"WebSite","@id":"https:\/\/pedrerademeia.geoparcorigens.cat\/es\/#website","url":"https:\/\/pedrerademeia.geoparcorigens.cat\/es\/","name":"Pedrera de Meia - Geoparc Origens","description":"Otro sitio realizado con WordPress","publisher":{"@id":"https:\/\/pedrerademeia.geoparcorigens.cat\/es\/#organization"},"potentialAction":[{"@type":"SearchAction","target":{"@type":"EntryPoint","urlTemplate":"https:\/\/pedrerademeia.geoparcorigens.cat\/es\/?s={search_term_string}"},"query-input":{"@type":"PropertyValueSpecification","valueRequired":true,"valueName":"search_term_string"}}],"inLanguage":"es"},{"@type":"Organization","@id":"https:\/\/pedrerademeia.geoparcorigens.cat\/es\/#organization","name":"Pedrera de Meia - Geoparc Origens","url":"https:\/\/pedrerademeia.geoparcorigens.cat\/es\/","logo":{"@type":"ImageObject","inLanguage":"es","@id":"https:\/\/pedrerademeia.geoparcorigens.cat\/es\/#\/schema\/logo\/image\/","url":"https:\/\/pedrerademeia.geoparcorigens.cat\/wp-content\/uploads\/cropped-cropped-geoparc_logo_marca_color_transparent.png","contentUrl":"https:\/\/pedrerademeia.geoparcorigens.cat\/wp-content\/uploads\/cropped-cropped-geoparc_logo_marca_color_transparent.png","width":5197,"height":2011,"caption":"Pedrera de Meia - Geoparc Origens"},"image":{"@id":"https:\/\/pedrerademeia.geoparcorigens.cat\/es\/#\/schema\/logo\/image\/"}}]}},"_links":{"self":[{"href":"https:\/\/pedrerademeia.geoparcorigens.cat\/es\/wp-json\/wp\/v2\/pages\/21","targetHints":{"allow":["GET"]}}],"collection":[{"href":"https:\/\/pedrerademeia.geoparcorigens.cat\/es\/wp-json\/wp\/v2\/pages"}],"about":[{"href":"https:\/\/pedrerademeia.geoparcorigens.cat\/es\/wp-json\/wp\/v2\/types\/page"}],"author":[{"embeddable":true,"href":"https:\/\/pedrerademeia.geoparcorigens.cat\/es\/wp-json\/wp\/v2\/users\/1"}],"replies":[{"embeddable":true,"href":"https:\/\/pedrerademeia.geoparcorigens.cat\/es\/wp-json\/wp\/v2\/comments?post=21"}],"version-history":[{"count":5,"href":"https:\/\/pedrerademeia.geoparcorigens.cat\/es\/wp-json\/wp\/v2\/pages\/21\/revisions"}],"predecessor-version":[{"id":25757,"href":"https:\/\/pedrerademeia.geoparcorigens.cat\/es\/wp-json\/wp\/v2\/pages\/21\/revisions\/25757"}],"wp:attachment":[{"href":"https:\/\/pedrerademeia.geoparcorigens.cat\/es\/wp-json\/wp\/v2\/media?parent=21"}],"curies":[{"name":"wp","href":"https:\/\/api.w.org\/{rel}","templated":true}]}}