{"id":9441,"date":"2021-07-06T11:12:57","date_gmt":"2021-07-06T11:12:57","guid":{"rendered":"https:\/\/pedrerademeia.geoparcorigens.cat\/?page_id=9441"},"modified":"2025-04-02T09:08:57","modified_gmt":"2025-04-02T09:08:57","slug":"la-edad-de-los-yacimientos","status":"publish","type":"page","link":"https:\/\/pedrerademeia.geoparcorigens.cat\/es\/la-edad-de-los-yacimientos\/","title":{"rendered":"La edad de los Yacimientos"},"content":{"rendered":"\n<div class=\"wp-block-group alignfull\"><div class=\"wp-block-group__inner-container is-layout-flow wp-block-group-is-layout-flow\">\n<div class=\"wp-block-columns is-layout-flex wp-container-core-columns-is-layout-9d6595d7 wp-block-columns-is-layout-flex\">\n<div class=\"wp-block-column full-width is-layout-flow wp-block-column-is-layout-flow\"><div class=\"wrapper-heading\">\n<h2 class=\"wp-block-heading\">Un envoltorio que empieza en el Jur\u00e1sico<\/h2>\n<\/div><\/div>\n<\/div>\n\n\n\n<div class=\"wp-block-columns is-layout-flex wp-container-core-columns-is-layout-9d6595d7 wp-block-columns-is-layout-flex\">\n<div class=\"wp-block-column is-layout-flow wp-block-column-is-layout-flow\"><div class=\"wrapper-classic-paragraph\">\n<p>Tanto en el trabajo del a\u00f1o 1898 como en el de 1902, Vidal le proporciona, tentativamente, una edad jur\u00e1sica (Vidal, 1898), para luego concretar su adscripci\u00f3n al estadio Kimmeridgiano (hace entre 155 y 152 millones de a\u00f1os) una vez hizo los primeros estudios cient\u00edficos sobre la flora fauna y litolog\u00eda (Vidal, 1902). Para Vidal, entre los f\u00f3siles y composici\u00f3n l\u00edtica de la Pedrera hab\u00eda grandes similitudes con los yacimientos Jur\u00e1sicos de Cerin (Francia) y Solnhofen (Alemania), aunque estos \u00faltimos estaban considerados ligeramente m\u00e1s modernos, de edad titoniana (hace entre 152 y 145 millones de a\u00f1os). <\/p>\n<\/div>\n\n\n<p><\/p>\n<\/div>\n\n\n\n<div class=\"wp-block-column is-layout-flow wp-block-column-is-layout-flow\"><div class=\"wrapper-classic-paragraph\">\n<p>Esta propuesta de edad jur\u00e1sica por el yacimiento de La Pedrera se mantiene hasta los a\u00f1os 30 del siglo XX. Dalloni (1930), Chevalier (1932) o Broili (1932) datan estas litogr\u00e1ficas en el Jur\u00e1sico superior. Chevalier hace menci\u00f3n a un descubrimiento de Faure y Sans, un vegetal identificado como Onychiopsis mantelli, una planta recuperada en yacimientos del Cret\u00e1cico inferior, pero no lo tiene en cuenta a la vez de revisar las dataciones originales. Broili, que hab\u00eda visitado la colecci\u00f3n de f\u00f3siles de la Pedrera en el Museo de Geolog\u00eda de Barcelona, durante el XIV Congreso Internacional de Geolog\u00eda del a\u00f1o 1926, lleva a cabo un estudio de los yacimientos litogr\u00e1ficos de Cerin, Solnhofen y R\u00fabies y confirma una edad del Titoniano por el yacimiento catal\u00e1n, principalmente por consideraciones sedimentol\u00f3gicas y estratigr\u00e1ficas.   <\/p>\n<\/div>\n\n\n<p><\/p>\n<\/div>\n<\/div>\n<\/div><\/div>\n\n<div class=\"wp-block-group alignfull has-light-grey-background-color has-background\"><div class=\"wp-block-group__inner-container is-layout-flow wp-block-group-is-layout-flow\">\n<div class=\"wp-block-columns is-layout-flex wp-container-core-columns-is-layout-9d6595d7 wp-block-columns-is-layout-flex\">\n<div class=\"wp-block-column is-layout-flow wp-block-column-is-layout-flow\"><div class=\"wrapper-heading\">\n<h2 class=\"wp-block-heading\">Los estudios micropaleontol\u00f3gicos cambian la edad<\/h2>\n<\/div>\n\n\n<p><\/p>\n<\/div>\n<\/div>\n\n\n\n<div class=\"wp-block-columns is-layout-flex wp-container-core-columns-is-layout-9d6595d7 wp-block-columns-is-layout-flex\">\n<div class=\"wp-block-column is-layout-flow wp-block-column-is-layout-flow\"><div class=\"wrapper-classic-paragraph\">\n<p>El primer cambio en relaci\u00f3n con la edad del yacimiento lo hace Krusat (1966). En su trabajo hace menci\u00f3n al estudio micropalentol\u00f3gico con ostracodos y foramin\u00edferos que le permiten decir que nos encontramos en una edad comprendida entre el Titoniano superior hasta el Barremiano (de 132 a 124 millones de a\u00f1os), pero no se atreve a avanzar m\u00e1s en la precisi\u00f3n de la edad. En cuanto a la formaci\u00f3n del yacimiento, Krusat propone que se formaron en unas lagunas muy pr\u00f3ximas a la costa. Para \u00e9l, las plantas que aparecen fueron arrastradas por las lluvias y el mismo lago era el biotopo para peces reptiles, crust\u00e1ceos y foramin\u00edferos. Posiblemente, seg\u00fan Krusat, toda el \u00e1rea de dep\u00f3sito de sedimentos estaba separada del mar abierto, al norte, por una fina barrera que podr\u00eda ser permeable a migraciones de fauna marina.    <\/p>\n<\/div>\n\n\n<blockquote class=\"wp-block-quote is-layout-flow wp-block-quote-is-layout-flow\"><p>A principios de los a\u00f1os 70 todav\u00eda hay dudas sobre la edad de la localidad y Delmas et al. (1971) y V\u00eda (1971) s\u00f3lo reportan las edades ya propuestas que oscilan entre el Kimmeridgiano y Barremiano (entre 155 y 124 millones de a\u00f1os).<\/p><\/blockquote>\n<\/div>\n\n\n\n<div class=\"wp-block-column is-layout-flow wp-block-column-is-layout-flow\"><div class=\"wrapper-classic-paragraph\">\n<p>Un estudio en detalle de los min\u00fasculos crust\u00e1ceos (ostr\u00e1codos) preservados en las losas litogr\u00e1ficas permiten a Peybern\u00e8s y Oertli (1972) hacer una dataci\u00f3n en el tr\u00e1fico entre el Berriasiano y el Valanginiano (unos 140 millones de a\u00f1os). Otro estudio de los ostr\u00e1codos afina la dataci\u00f3n en Berriasiano superior-Valanginiano inferior (Brenner et al., 1974). Esta dataci\u00f3n, ya aceptada plenamente por Barale (1984), le permite proponer que este yacimiento es pionero por la aparici\u00f3n de las primeras angiospermas conocidas. Otra pista que apuntaba hacia una edad similar fue la identificaci\u00f3n del g\u00e9nero de planta Frenelopsis (Barale 1973), de edad cret\u00e1cica, lo que reforzaba la propuesta anterior.     <\/p>\n<p>Finalmente, dos trabajos en la d\u00e9cada de los a\u00f1os 90, proponen una nueva dataci\u00f3n. Ansorge (1993), en base al estudio de insectos en heces fosilizadas (copr\u00f3litos) y Mart\u00edn-Graells y L\u00f3pez-Mor\u00f3n (1995), en base al estudio de algas car\u00f3fitas proponen una edad de Barremiano (130-125 ma), que es la que tiene m\u00e1s amplia aceptaci\u00f3n actualmente. <\/p>\n<\/div><\/div>\n<\/div>\n<\/div><\/div>\n","protected":false},"excerpt":{"rendered":"<p>Un envoltorio que empieza en el Jur\u00e1sico Tanto en el trabajo del a\u00f1o 1898 como en el de 1902, Vidal le proporciona, tentativamente, una edad jur\u00e1sica (Vidal, 1898), para luego concretar su adscripci\u00f3n al estadio Kimmeridgiano (hace entre 155 y 152 millones de a\u00f1os) una vez hizo los primeros estudios cient\u00edficos sobre la flora fauna [&hellip;]<\/p>\n","protected":false},"author":1,"featured_media":0,"parent":0,"menu_order":0,"comment_status":"closed","ping_status":"closed","template":"page-templates\/page-landing.php","meta":{"_acf_changed":false,"footnotes":""},"class_list":["post-9441","page","type-page","status-publish","hentry"],"acf":[],"yoast_head":"<!-- This site is optimized with the Yoast SEO plugin v27.2 - https:\/\/yoast.com\/product\/yoast-seo-wordpress\/ -->\n<title>La edad de los Yacimientos - Pedrera de Meia - Geoparc Origens<\/title>\n<meta name=\"robots\" content=\"index, follow, max-snippet:-1, max-image-preview:large, max-video-preview:-1\" \/>\n<link rel=\"canonical\" href=\"https:\/\/pedrerademeia.geoparcorigens.cat\/es\/la-edad-de-los-yacimientos\/\" \/>\n<meta property=\"og:locale\" content=\"es_ES\" \/>\n<meta property=\"og:type\" content=\"article\" \/>\n<meta property=\"og:title\" content=\"La edad de los Yacimientos - Pedrera de Meia - Geoparc Origens\" \/>\n<meta property=\"og:description\" content=\"Un envoltorio que empieza en el Jur\u00e1sico Tanto en el trabajo del a\u00f1o 1898 como en el de 1902, Vidal le proporciona, tentativamente, una edad jur\u00e1sica (Vidal, 1898), para luego concretar su adscripci\u00f3n al estadio Kimmeridgiano (hace entre 155 y 152 millones de a\u00f1os) una vez hizo los primeros estudios cient\u00edficos sobre la flora fauna [&hellip;]\" \/>\n<meta property=\"og:url\" content=\"https:\/\/pedrerademeia.geoparcorigens.cat\/es\/la-edad-de-los-yacimientos\/\" \/>\n<meta property=\"og:site_name\" content=\"Pedrera de Meia - Geoparc Origens\" \/>\n<meta property=\"article:modified_time\" content=\"2025-04-02T09:08:57+00:00\" \/>\n<meta name=\"twitter:card\" content=\"summary_large_image\" \/>\n<meta name=\"twitter:label1\" content=\"Tiempo de lectura\" \/>\n\t<meta name=\"twitter:data1\" content=\"3 minutos\" \/>\n<script type=\"application\/ld+json\" class=\"yoast-schema-graph\">{\"@context\":\"https:\/\/schema.org\",\"@graph\":[{\"@type\":\"WebPage\",\"@id\":\"https:\/\/pedrerademeia.geoparcorigens.cat\/es\/la-edad-de-los-yacimientos\/\",\"url\":\"https:\/\/pedrerademeia.geoparcorigens.cat\/es\/la-edad-de-los-yacimientos\/\",\"name\":\"La edad de los Yacimientos - Pedrera de Meia - Geoparc Origens\",\"isPartOf\":{\"@id\":\"https:\/\/pedrerademeia.geoparcorigens.cat\/es\/#website\"},\"datePublished\":\"2021-07-06T11:12:57+00:00\",\"dateModified\":\"2025-04-02T09:08:57+00:00\",\"breadcrumb\":{\"@id\":\"https:\/\/pedrerademeia.geoparcorigens.cat\/es\/la-edad-de-los-yacimientos\/#breadcrumb\"},\"inLanguage\":\"es\",\"potentialAction\":[{\"@type\":\"ReadAction\",\"target\":[\"https:\/\/pedrerademeia.geoparcorigens.cat\/es\/la-edad-de-los-yacimientos\/\"]}]},{\"@type\":\"BreadcrumbList\",\"@id\":\"https:\/\/pedrerademeia.geoparcorigens.cat\/es\/la-edad-de-los-yacimientos\/#breadcrumb\",\"itemListElement\":[{\"@type\":\"ListItem\",\"position\":1,\"name\":\"Portada\",\"item\":\"https:\/\/pedrerademeia.geoparcorigens.cat\/es\/\"},{\"@type\":\"ListItem\",\"position\":2,\"name\":\"La edad de los Yacimientos\"}]},{\"@type\":\"WebSite\",\"@id\":\"https:\/\/pedrerademeia.geoparcorigens.cat\/es\/#website\",\"url\":\"https:\/\/pedrerademeia.geoparcorigens.cat\/es\/\",\"name\":\"Pedrera de Meia - Geoparc Origens\",\"description\":\"Otro sitio realizado con WordPress\",\"publisher\":{\"@id\":\"https:\/\/pedrerademeia.geoparcorigens.cat\/es\/#organization\"},\"potentialAction\":[{\"@type\":\"SearchAction\",\"target\":{\"@type\":\"EntryPoint\",\"urlTemplate\":\"https:\/\/pedrerademeia.geoparcorigens.cat\/es\/?s={search_term_string}\"},\"query-input\":{\"@type\":\"PropertyValueSpecification\",\"valueRequired\":true,\"valueName\":\"search_term_string\"}}],\"inLanguage\":\"es\"},{\"@type\":\"Organization\",\"@id\":\"https:\/\/pedrerademeia.geoparcorigens.cat\/es\/#organization\",\"name\":\"Pedrera de Meia - Geoparc Origens\",\"url\":\"https:\/\/pedrerademeia.geoparcorigens.cat\/es\/\",\"logo\":{\"@type\":\"ImageObject\",\"inLanguage\":\"es\",\"@id\":\"https:\/\/pedrerademeia.geoparcorigens.cat\/es\/#\/schema\/logo\/image\/\",\"url\":\"https:\/\/pedrerademeia.geoparcorigens.cat\/wp-content\/uploads\/cropped-cropped-geoparc_logo_marca_color_transparent.png\",\"contentUrl\":\"https:\/\/pedrerademeia.geoparcorigens.cat\/wp-content\/uploads\/cropped-cropped-geoparc_logo_marca_color_transparent.png\",\"width\":5197,\"height\":2011,\"caption\":\"Pedrera de Meia - Geoparc Origens\"},\"image\":{\"@id\":\"https:\/\/pedrerademeia.geoparcorigens.cat\/es\/#\/schema\/logo\/image\/\"}}]}<\/script>\n<!-- \/ Yoast SEO plugin. -->","yoast_head_json":{"title":"La edad de los Yacimientos - Pedrera de Meia - Geoparc Origens","robots":{"index":"index","follow":"follow","max-snippet":"max-snippet:-1","max-image-preview":"max-image-preview:large","max-video-preview":"max-video-preview:-1"},"canonical":"https:\/\/pedrerademeia.geoparcorigens.cat\/es\/la-edad-de-los-yacimientos\/","og_locale":"es_ES","og_type":"article","og_title":"La edad de los Yacimientos - Pedrera de Meia - Geoparc Origens","og_description":"Un envoltorio que empieza en el Jur\u00e1sico Tanto en el trabajo del a\u00f1o 1898 como en el de 1902, Vidal le proporciona, tentativamente, una edad jur\u00e1sica (Vidal, 1898), para luego concretar su adscripci\u00f3n al estadio Kimmeridgiano (hace entre 155 y 152 millones de a\u00f1os) una vez hizo los primeros estudios cient\u00edficos sobre la flora fauna [&hellip;]","og_url":"https:\/\/pedrerademeia.geoparcorigens.cat\/es\/la-edad-de-los-yacimientos\/","og_site_name":"Pedrera de Meia - Geoparc Origens","article_modified_time":"2025-04-02T09:08:57+00:00","twitter_card":"summary_large_image","twitter_misc":{"Tiempo de lectura":"3 minutos"},"schema":{"@context":"https:\/\/schema.org","@graph":[{"@type":"WebPage","@id":"https:\/\/pedrerademeia.geoparcorigens.cat\/es\/la-edad-de-los-yacimientos\/","url":"https:\/\/pedrerademeia.geoparcorigens.cat\/es\/la-edad-de-los-yacimientos\/","name":"La edad de los Yacimientos - Pedrera de Meia - Geoparc Origens","isPartOf":{"@id":"https:\/\/pedrerademeia.geoparcorigens.cat\/es\/#website"},"datePublished":"2021-07-06T11:12:57+00:00","dateModified":"2025-04-02T09:08:57+00:00","breadcrumb":{"@id":"https:\/\/pedrerademeia.geoparcorigens.cat\/es\/la-edad-de-los-yacimientos\/#breadcrumb"},"inLanguage":"es","potentialAction":[{"@type":"ReadAction","target":["https:\/\/pedrerademeia.geoparcorigens.cat\/es\/la-edad-de-los-yacimientos\/"]}]},{"@type":"BreadcrumbList","@id":"https:\/\/pedrerademeia.geoparcorigens.cat\/es\/la-edad-de-los-yacimientos\/#breadcrumb","itemListElement":[{"@type":"ListItem","position":1,"name":"Portada","item":"https:\/\/pedrerademeia.geoparcorigens.cat\/es\/"},{"@type":"ListItem","position":2,"name":"La edad de los Yacimientos"}]},{"@type":"WebSite","@id":"https:\/\/pedrerademeia.geoparcorigens.cat\/es\/#website","url":"https:\/\/pedrerademeia.geoparcorigens.cat\/es\/","name":"Pedrera de Meia - Geoparc Origens","description":"Otro sitio realizado con WordPress","publisher":{"@id":"https:\/\/pedrerademeia.geoparcorigens.cat\/es\/#organization"},"potentialAction":[{"@type":"SearchAction","target":{"@type":"EntryPoint","urlTemplate":"https:\/\/pedrerademeia.geoparcorigens.cat\/es\/?s={search_term_string}"},"query-input":{"@type":"PropertyValueSpecification","valueRequired":true,"valueName":"search_term_string"}}],"inLanguage":"es"},{"@type":"Organization","@id":"https:\/\/pedrerademeia.geoparcorigens.cat\/es\/#organization","name":"Pedrera de Meia - Geoparc Origens","url":"https:\/\/pedrerademeia.geoparcorigens.cat\/es\/","logo":{"@type":"ImageObject","inLanguage":"es","@id":"https:\/\/pedrerademeia.geoparcorigens.cat\/es\/#\/schema\/logo\/image\/","url":"https:\/\/pedrerademeia.geoparcorigens.cat\/wp-content\/uploads\/cropped-cropped-geoparc_logo_marca_color_transparent.png","contentUrl":"https:\/\/pedrerademeia.geoparcorigens.cat\/wp-content\/uploads\/cropped-cropped-geoparc_logo_marca_color_transparent.png","width":5197,"height":2011,"caption":"Pedrera de Meia - Geoparc Origens"},"image":{"@id":"https:\/\/pedrerademeia.geoparcorigens.cat\/es\/#\/schema\/logo\/image\/"}}]}},"_links":{"self":[{"href":"https:\/\/pedrerademeia.geoparcorigens.cat\/es\/wp-json\/wp\/v2\/pages\/9441","targetHints":{"allow":["GET"]}}],"collection":[{"href":"https:\/\/pedrerademeia.geoparcorigens.cat\/es\/wp-json\/wp\/v2\/pages"}],"about":[{"href":"https:\/\/pedrerademeia.geoparcorigens.cat\/es\/wp-json\/wp\/v2\/types\/page"}],"author":[{"embeddable":true,"href":"https:\/\/pedrerademeia.geoparcorigens.cat\/es\/wp-json\/wp\/v2\/users\/1"}],"replies":[{"embeddable":true,"href":"https:\/\/pedrerademeia.geoparcorigens.cat\/es\/wp-json\/wp\/v2\/comments?post=9441"}],"version-history":[{"count":2,"href":"https:\/\/pedrerademeia.geoparcorigens.cat\/es\/wp-json\/wp\/v2\/pages\/9441\/revisions"}],"predecessor-version":[{"id":25742,"href":"https:\/\/pedrerademeia.geoparcorigens.cat\/es\/wp-json\/wp\/v2\/pages\/9441\/revisions\/25742"}],"wp:attachment":[{"href":"https:\/\/pedrerademeia.geoparcorigens.cat\/es\/wp-json\/wp\/v2\/media?parent=9441"}],"curies":[{"name":"wp","href":"https:\/\/api.w.org\/{rel}","templated":true}]}}