{"id":9492,"date":"2021-07-07T08:41:16","date_gmt":"2021-07-07T08:41:16","guid":{"rendered":"https:\/\/pedrerademeia.geoparcorigens.cat\/?page_id=9492"},"modified":"2021-07-08T10:05:57","modified_gmt":"2021-07-08T10:05:57","slug":"holotipos","status":"publish","type":"page","link":"https:\/\/pedrerademeia.geoparcorigens.cat\/es\/holotipos\/","title":{"rendered":"Holotipos"},"content":{"rendered":"\n<p>Un holotipo es un f\u00f3sil que permite la descripci\u00f3n de un nuevo organismo, desconocido hasta ese momento. Los yacimientos de la Pedrera de Mei\u00e0 y la Cabroa han permitido descubrir hasta 114 especies nuevas.<\/p>\n","protected":false},"excerpt":{"rendered":"<p>Un holotipo es un f\u00f3sil que permite la descripci\u00f3n de un nuevo organismo, desconocido hasta ese momento. Los yacimientos de la Pedrera de Mei\u00e0 y la Cabroa han permitido descubrir hasta 114 especies nuevas.<\/p>\n","protected":false},"author":1,"featured_media":0,"parent":0,"menu_order":0,"comment_status":"closed","ping_status":"closed","template":"page-templates\/page-holotips.php","meta":{"_acf_changed":false,"footnotes":""},"class_list":["post-9492","page","type-page","status-publish","hentry"],"acf":[],"yoast_head":"<!-- This site is optimized with the Yoast SEO plugin v27.4 - https:\/\/yoast.com\/product\/yoast-seo-wordpress\/ -->\n<title>Holotipos - Pedrera de Meia - Geoparc Origens<\/title>\n<meta name=\"robots\" content=\"index, follow, max-snippet:-1, max-image-preview:large, max-video-preview:-1\" \/>\n<link rel=\"canonical\" href=\"https:\/\/pedrerademeia.geoparcorigens.cat\/es\/holotipos\/\" \/>\n<meta property=\"og:locale\" content=\"es_ES\" \/>\n<meta property=\"og:type\" content=\"article\" \/>\n<meta property=\"og:title\" content=\"Holotipos - Pedrera de Meia - Geoparc Origens\" \/>\n<meta property=\"og:description\" content=\"Un holotipo es un f\u00f3sil que permite la descripci\u00f3n de un nuevo organismo, desconocido hasta ese momento. Los yacimientos de la Pedrera de Mei\u00e0 y la Cabroa han permitido descubrir hasta 114 especies nuevas.\" \/>\n<meta property=\"og:url\" content=\"https:\/\/pedrerademeia.geoparcorigens.cat\/es\/holotipos\/\" \/>\n<meta property=\"og:site_name\" content=\"Pedrera de Meia - Geoparc Origens\" \/>\n<meta property=\"article:modified_time\" content=\"2021-07-08T10:05:57+00:00\" \/>\n<meta name=\"twitter:card\" content=\"summary_large_image\" \/>\n<meta name=\"twitter:label1\" content=\"Tiempo de lectura\" \/>\n\t<meta name=\"twitter:data1\" content=\"1 minuto\" \/>\n<script type=\"application\/ld+json\" class=\"yoast-schema-graph\">{\"@context\":\"https:\\\/\\\/schema.org\",\"@graph\":[{\"@type\":\"WebPage\",\"@id\":\"https:\\\/\\\/pedrerademeia.geoparcorigens.cat\\\/es\\\/holotipos\\\/\",\"url\":\"https:\\\/\\\/pedrerademeia.geoparcorigens.cat\\\/es\\\/holotipos\\\/\",\"name\":\"Holotipos - Pedrera de Meia - Geoparc Origens\",\"isPartOf\":{\"@id\":\"https:\\\/\\\/pedrerademeia.geoparcorigens.cat\\\/es\\\/#website\"},\"datePublished\":\"2021-07-07T08:41:16+00:00\",\"dateModified\":\"2021-07-08T10:05:57+00:00\",\"breadcrumb\":{\"@id\":\"https:\\\/\\\/pedrerademeia.geoparcorigens.cat\\\/es\\\/holotipos\\\/#breadcrumb\"},\"inLanguage\":\"es\",\"potentialAction\":[{\"@type\":\"ReadAction\",\"target\":[\"https:\\\/\\\/pedrerademeia.geoparcorigens.cat\\\/es\\\/holotipos\\\/\"]}]},{\"@type\":\"BreadcrumbList\",\"@id\":\"https:\\\/\\\/pedrerademeia.geoparcorigens.cat\\\/es\\\/holotipos\\\/#breadcrumb\",\"itemListElement\":[{\"@type\":\"ListItem\",\"position\":1,\"name\":\"Portada\",\"item\":\"https:\\\/\\\/pedrerademeia.geoparcorigens.cat\\\/es\\\/\"},{\"@type\":\"ListItem\",\"position\":2,\"name\":\"Holotipos\"}]},{\"@type\":\"WebSite\",\"@id\":\"https:\\\/\\\/pedrerademeia.geoparcorigens.cat\\\/es\\\/#website\",\"url\":\"https:\\\/\\\/pedrerademeia.geoparcorigens.cat\\\/es\\\/\",\"name\":\"Pedrera de Meia - Geoparc Origens\",\"description\":\"Otro sitio realizado con WordPress\",\"publisher\":{\"@id\":\"https:\\\/\\\/pedrerademeia.geoparcorigens.cat\\\/es\\\/#organization\"},\"potentialAction\":[{\"@type\":\"SearchAction\",\"target\":{\"@type\":\"EntryPoint\",\"urlTemplate\":\"https:\\\/\\\/pedrerademeia.geoparcorigens.cat\\\/es\\\/?s={search_term_string}\"},\"query-input\":{\"@type\":\"PropertyValueSpecification\",\"valueRequired\":true,\"valueName\":\"search_term_string\"}}],\"inLanguage\":\"es\"},{\"@type\":\"Organization\",\"@id\":\"https:\\\/\\\/pedrerademeia.geoparcorigens.cat\\\/es\\\/#organization\",\"name\":\"Pedrera de Meia - Geoparc Origens\",\"url\":\"https:\\\/\\\/pedrerademeia.geoparcorigens.cat\\\/es\\\/\",\"logo\":{\"@type\":\"ImageObject\",\"inLanguage\":\"es\",\"@id\":\"https:\\\/\\\/pedrerademeia.geoparcorigens.cat\\\/es\\\/#\\\/schema\\\/logo\\\/image\\\/\",\"url\":\"https:\\\/\\\/pedrerademeia.geoparcorigens.cat\\\/wp-content\\\/uploads\\\/cropped-cropped-geoparc_logo_marca_color_transparent.png\",\"contentUrl\":\"https:\\\/\\\/pedrerademeia.geoparcorigens.cat\\\/wp-content\\\/uploads\\\/cropped-cropped-geoparc_logo_marca_color_transparent.png\",\"width\":5197,\"height\":2011,\"caption\":\"Pedrera de Meia - Geoparc Origens\"},\"image\":{\"@id\":\"https:\\\/\\\/pedrerademeia.geoparcorigens.cat\\\/es\\\/#\\\/schema\\\/logo\\\/image\\\/\"}}]}<\/script>\n<!-- \/ Yoast SEO plugin. -->","yoast_head_json":{"title":"Holotipos - Pedrera de Meia - Geoparc Origens","robots":{"index":"index","follow":"follow","max-snippet":"max-snippet:-1","max-image-preview":"max-image-preview:large","max-video-preview":"max-video-preview:-1"},"canonical":"https:\/\/pedrerademeia.geoparcorigens.cat\/es\/holotipos\/","og_locale":"es_ES","og_type":"article","og_title":"Holotipos - Pedrera de Meia - Geoparc Origens","og_description":"Un holotipo es un f\u00f3sil que permite la descripci\u00f3n de un nuevo organismo, desconocido hasta ese momento. Los yacimientos de la Pedrera de Mei\u00e0 y la Cabroa han permitido descubrir hasta 114 especies nuevas.","og_url":"https:\/\/pedrerademeia.geoparcorigens.cat\/es\/holotipos\/","og_site_name":"Pedrera de Meia - Geoparc Origens","article_modified_time":"2021-07-08T10:05:57+00:00","twitter_card":"summary_large_image","twitter_misc":{"Tiempo de lectura":"1 minuto"},"schema":{"@context":"https:\/\/schema.org","@graph":[{"@type":"WebPage","@id":"https:\/\/pedrerademeia.geoparcorigens.cat\/es\/holotipos\/","url":"https:\/\/pedrerademeia.geoparcorigens.cat\/es\/holotipos\/","name":"Holotipos - Pedrera de Meia - Geoparc Origens","isPartOf":{"@id":"https:\/\/pedrerademeia.geoparcorigens.cat\/es\/#website"},"datePublished":"2021-07-07T08:41:16+00:00","dateModified":"2021-07-08T10:05:57+00:00","breadcrumb":{"@id":"https:\/\/pedrerademeia.geoparcorigens.cat\/es\/holotipos\/#breadcrumb"},"inLanguage":"es","potentialAction":[{"@type":"ReadAction","target":["https:\/\/pedrerademeia.geoparcorigens.cat\/es\/holotipos\/"]}]},{"@type":"BreadcrumbList","@id":"https:\/\/pedrerademeia.geoparcorigens.cat\/es\/holotipos\/#breadcrumb","itemListElement":[{"@type":"ListItem","position":1,"name":"Portada","item":"https:\/\/pedrerademeia.geoparcorigens.cat\/es\/"},{"@type":"ListItem","position":2,"name":"Holotipos"}]},{"@type":"WebSite","@id":"https:\/\/pedrerademeia.geoparcorigens.cat\/es\/#website","url":"https:\/\/pedrerademeia.geoparcorigens.cat\/es\/","name":"Pedrera de Meia - Geoparc Origens","description":"Otro sitio realizado con WordPress","publisher":{"@id":"https:\/\/pedrerademeia.geoparcorigens.cat\/es\/#organization"},"potentialAction":[{"@type":"SearchAction","target":{"@type":"EntryPoint","urlTemplate":"https:\/\/pedrerademeia.geoparcorigens.cat\/es\/?s={search_term_string}"},"query-input":{"@type":"PropertyValueSpecification","valueRequired":true,"valueName":"search_term_string"}}],"inLanguage":"es"},{"@type":"Organization","@id":"https:\/\/pedrerademeia.geoparcorigens.cat\/es\/#organization","name":"Pedrera de Meia - Geoparc Origens","url":"https:\/\/pedrerademeia.geoparcorigens.cat\/es\/","logo":{"@type":"ImageObject","inLanguage":"es","@id":"https:\/\/pedrerademeia.geoparcorigens.cat\/es\/#\/schema\/logo\/image\/","url":"https:\/\/pedrerademeia.geoparcorigens.cat\/wp-content\/uploads\/cropped-cropped-geoparc_logo_marca_color_transparent.png","contentUrl":"https:\/\/pedrerademeia.geoparcorigens.cat\/wp-content\/uploads\/cropped-cropped-geoparc_logo_marca_color_transparent.png","width":5197,"height":2011,"caption":"Pedrera de Meia - Geoparc Origens"},"image":{"@id":"https:\/\/pedrerademeia.geoparcorigens.cat\/es\/#\/schema\/logo\/image\/"}}]}},"_links":{"self":[{"href":"https:\/\/pedrerademeia.geoparcorigens.cat\/es\/wp-json\/wp\/v2\/pages\/9492","targetHints":{"allow":["GET"]}}],"collection":[{"href":"https:\/\/pedrerademeia.geoparcorigens.cat\/es\/wp-json\/wp\/v2\/pages"}],"about":[{"href":"https:\/\/pedrerademeia.geoparcorigens.cat\/es\/wp-json\/wp\/v2\/types\/page"}],"author":[{"embeddable":true,"href":"https:\/\/pedrerademeia.geoparcorigens.cat\/es\/wp-json\/wp\/v2\/users\/1"}],"replies":[{"embeddable":true,"href":"https:\/\/pedrerademeia.geoparcorigens.cat\/es\/wp-json\/wp\/v2\/comments?post=9492"}],"version-history":[{"count":0,"href":"https:\/\/pedrerademeia.geoparcorigens.cat\/es\/wp-json\/wp\/v2\/pages\/9492\/revisions"}],"wp:attachment":[{"href":"https:\/\/pedrerademeia.geoparcorigens.cat\/es\/wp-json\/wp\/v2\/media?parent=9492"}],"curies":[{"name":"wp","href":"https:\/\/api.w.org\/{rel}","templated":true}]}}