{"id":9560,"date":"2021-07-07T14:46:34","date_gmt":"2021-07-07T14:46:34","guid":{"rendered":"https:\/\/pedrerademeia.geoparcorigens.cat\/?page_id=9560"},"modified":"2025-04-02T08:23:05","modified_gmt":"2025-04-02T08:23:05","slug":"aviso-legal","status":"publish","type":"page","link":"https:\/\/pedrerademeia.geoparcorigens.cat\/es\/aviso-legal\/","title":{"rendered":"Aviso legal"},"content":{"rendered":"<div class=\"wrapper-classic-paragraph\">\n<p>Esta p\u00e1gina web ha sido creada por la Asociaci\u00f3n Geoparque Cuenca de Montsec, con car\u00e1cter informativo. El hecho de acceder a esta p\u00e1gina implica el conocimiento y aceptaci\u00f3n de los siguientes t\u00e9rminos y condiciones: <\/p>\n<h2>1. Titularidad de la p\u00e1gina web<\/h2>\n<p>El nombre del dominio www.geoparcorigens.cat, est\u00e1 registrado a favor de Asociaci\u00f3n Geoparc Conca de Montsec, con CIF G25807181 y domicilio social en el Pg. Pompeu Fabra, 21, 25620 Tremp (Lleida). <\/p>\n<h2>2. Propiedad intelectual de la web<\/h2>\n<p>Todos los derechos de propiedad intelectual del contenido de esta p\u00e1gina web y su dise\u00f1o gr\u00e1fico, son propiedad exclusiva de la Asociaci\u00f3n Geoparque Cuenca de Montsec, salvo aquellos contenidos que se especifique otra autor\u00eda; correspondientenos el ejercicio exclusivo de los derechos de explotaci\u00f3n de los mismos, y compartidos en los casos que se especifique.<\/p>\n<p>Por lo tanto queda prohibida su reproducci\u00f3n, distribuci\u00f3n, comunicaci\u00f3n p\u00fablica y transformaci\u00f3n, total o parcial, sin la autorizaci\u00f3n expresa de la Asociaci\u00f3n Geoparc Conca de Montsec. Igualmente, todos los nombres comerciales, marcas o signos distintivos de cualquier clase contenidos en esta p\u00e1gina web est\u00e1n protegidos por ley. <\/p>\n<h2>3. Contenido de la web y enlaces<\/h2>\n<p>El usuario accede voluntariamente a esta p\u00e1gina web. El acceso y navegaci\u00f3n en esta p\u00e1gina implica aceptar y conocer las advertencias legales, condiciones y t\u00e9rminos de uso contenidos en ella. El hecho de acceder no implica el establecimiento de ning\u00fan tipo de relaci\u00f3n comercial entre la Asociaci\u00f3n Geoparc Conca de Montsec y el usuario.<br>La Asociaci\u00f3n Geoparque Cuenca de Montsec no se responsabiliza del mal uso que se realice de los contenidos de esta p\u00e1gina web, siendo exclusiva responsabilidad de la persona que accede a ellos o los utiliza. Tampoco asume ninguna responsabilidad por la informaci\u00f3n contenida en las p\u00e1ginas web de terceros a las que se pueda acceder por enlaces desde la p\u00e1gina www.geoparcorigens.cat. La presencia de estos enlaces tienen una finalidad informativa. En caso de la Asociaci\u00f3n Geoparque Cuenca de Montsec tenga conocimiento efectivo de que la actividad o la informaci\u00f3n a la que se remite desde estos enlaces es il\u00edcita, constitutiva de delito o puede lesionar bienes o derechos de terceros susceptibles de indemnizaci\u00f3n, actuar\u00e1 con la diligencia necesaria para suprimir o inutilizar el enlace correspondiente con la mayor brevedad posible.     <\/p>\n<h2>4. Intercambio o difusi\u00f3n de informaci\u00f3n<\/h2>\n<p>La Asociaci\u00f3n Geoparque Cuenca de Montsec declina toda responsabilidad que se derive del intercambio de informaci\u00f3n entre usuarios a trav\u00e9s de su p\u00e1gina web. Especialmente no nos hacemos responsables del uso que los menores puedan hacer de ella en caso de que los contenidos a que se pueda acceder puedan herir su sensibilidad. <\/p>\n<h2>5. Actualizaci\u00f3n y modificaci\u00f3n de la p\u00e1gina web<\/h2>\n<p>La Asociaci\u00f3n Geoparc Conca de Montsec se reserva el derecho de actualizar, modificar o eliminar la informaci\u00f3n contenida en su p\u00e1gina web, y su configuraci\u00f3n o presentaci\u00f3n, en cualquier momento, sin previo aviso y sin asumir ninguna responsabilidad para hacerlo.<\/p>\n<h2>6. Indicaciones sobre aspectos t\u00e9cnicos<\/h2>\n<p>En la Asociaci\u00f3n Geoparque Cuenca de Montsec no asumimos ninguna responsabilidad que se pueda derivar de problemas t\u00e9cnicos o errores en los equipos inform\u00e1ticos, no imputables a nuestra empresa, que se produzcan durante la conexi\u00f3n a la red de Internet, o que puedan ser causados por terceras personas mediante intromisiones ilegales fuera de nuestro control.<\/p>\n<p>Desde la Asociaci\u00f3n Geoparque Cuenca de Montsec no garantizamos la ausencia de virus y de otros elementos que puedan causar da\u00f1os en los sistemas inform\u00e1ticos, en los documentos electr\u00f3nicos o en los ficheros de usuario de esta p\u00e1gina web o de p\u00e1ginas web de terceros, y por tanto, no nos responsabilizamos de los prejuicios que se puedan producir por estas causas.<\/p>\n<p>Tambi\u00e9n quedamos exonerados de toda responsabilidad ante posibles da\u00f1os o prejuicios que pueda sufrir el usuario como consecuencia de errores, defectos u omisiones en la informaci\u00f3n que facilitamos cuando proceda de terceras fuentes.<\/p>\n<h2>7. Tratamiento de datos del usuario<\/h2>\n<p>Sin prejuicio de lo previsto en lo indicado en cada uno de los formularios de la p\u00e1gina web, cuando el usuario facilite sus datos de car\u00e1cter personal, est\u00e1 autorizando expresamente a la Asociaci\u00f3n Geoparque Cuenca de Montsec al tratamiento de sus Datos Personales para las finalidades indicadas en los mismos formularios.<br>El tratamiento de sus datos \u00fanica y exclusivamente para los servicios que solicita y las competencias de la Asociaci\u00f3n Geoparque Cuenca de Tremp \u2013 Montsec de acuerdo a la normativa vigente en materia de protecci\u00f3n de datos y sociedad de la informaci\u00f3n. El uso de los datos personales tendr\u00e1 car\u00e1cter confidencial.<br>Puede consultar el detalle del tratamiento de datos que realizamos en nuestra pol\u00edtica de privacidad. <\/p>\n<h2>8. Cookies<\/h2>\n<p>Advertimos que esta p\u00e1gina puede utilizar galletas (cookies), que son peque\u00f1os ficheros de datos que se generan en el ordenador del usuario y que permiten recordar el idioma y el portal elegidos, as\u00ed como otras caracter\u00edsticas o preferencias de navegaci\u00f3n del usuario. Estas galletas no son invasoras, ni nocivas, ni contienen datos de car\u00e1cter personal, ya que la \u00fanica funci\u00f3n que tienen es personalizaros la navegaci\u00f3n en la forma expresada antes y hacer an\u00e1lisis del uso de la web para estad\u00edstica y mejora del servicio. El usuario tiene la opci\u00f3n de impedir la generaci\u00f3n de galletas mediante la selecci\u00f3n de la correspondiente opci\u00f3n en su programa de navegaci\u00f3n.  <\/p>\n<h2>9. Legislaci\u00f3n y jurisdicci\u00f3n aplicable<\/h2>\n<p>Con car\u00e1cter general, las relaciones con nuestros clientes, que se deriven de la prestaci\u00f3n de los servicios contenidos en esta p\u00e1gina web, est\u00e1n sometidos a la legislaci\u00f3n y jurisdicci\u00f3n espa\u00f1ola.<br>Los usuarios de nuestra p\u00e1gina web son conscientes de todo lo expuesto y lo aceptan voluntariamente.<\/p>\n<p> <\/p>\n<p> <\/p>\n<\/div>\n<p><\/p>\n","protected":false},"excerpt":{"rendered":"<p>Esta p\u00e1gina web ha sido creada por la Asociaci\u00f3n Geoparque Cuenca de Montsec, con car\u00e1cter informativo. El hecho de acceder a esta p\u00e1gina implica el conocimiento y aceptaci\u00f3n de los siguientes t\u00e9rminos y condiciones: 1. Titularidad de la p\u00e1gina web El nombre del dominio www.geoparcorigens.cat, est\u00e1 registrado a favor de Asociaci\u00f3n Geoparc Conca de Montsec, [&hellip;]<\/p>\n","protected":false},"author":1,"featured_media":0,"parent":0,"menu_order":0,"comment_status":"closed","ping_status":"closed","template":"","meta":{"_acf_changed":false,"footnotes":""},"class_list":["post-9560","page","type-page","status-publish","hentry"],"acf":[],"yoast_head":"<!-- This site is optimized with the Yoast SEO plugin v27.4 - https:\/\/yoast.com\/product\/yoast-seo-wordpress\/ -->\n<title>Aviso legal - Pedrera de Meia - Geoparc Origens<\/title>\n<meta name=\"robots\" content=\"index, follow, max-snippet:-1, max-image-preview:large, max-video-preview:-1\" \/>\n<link rel=\"canonical\" href=\"https:\/\/pedrerademeia.geoparcorigens.cat\/es\/aviso-legal\/\" \/>\n<meta property=\"og:locale\" content=\"es_ES\" \/>\n<meta property=\"og:type\" content=\"article\" \/>\n<meta property=\"og:title\" content=\"Aviso legal - Pedrera de Meia - Geoparc Origens\" \/>\n<meta property=\"og:description\" content=\"Esta p\u00e1gina web ha sido creada por la Asociaci\u00f3n Geoparque Cuenca de Montsec, con car\u00e1cter informativo. El hecho de acceder a esta p\u00e1gina implica el conocimiento y aceptaci\u00f3n de los siguientes t\u00e9rminos y condiciones: 1. Titularidad de la p\u00e1gina web El nombre del dominio www.geoparcorigens.cat, est\u00e1 registrado a favor de Asociaci\u00f3n Geoparc Conca de Montsec, [&hellip;]\" \/>\n<meta property=\"og:url\" content=\"https:\/\/pedrerademeia.geoparcorigens.cat\/es\/aviso-legal\/\" \/>\n<meta property=\"og:site_name\" content=\"Pedrera de Meia - Geoparc Origens\" \/>\n<meta property=\"article:modified_time\" content=\"2025-04-02T08:23:05+00:00\" \/>\n<meta name=\"twitter:card\" content=\"summary_large_image\" \/>\n<meta name=\"twitter:label1\" content=\"Tiempo de lectura\" \/>\n\t<meta name=\"twitter:data1\" content=\"4 minutos\" \/>\n<script type=\"application\/ld+json\" class=\"yoast-schema-graph\">{\"@context\":\"https:\\\/\\\/schema.org\",\"@graph\":[{\"@type\":\"WebPage\",\"@id\":\"https:\\\/\\\/pedrerademeia.geoparcorigens.cat\\\/es\\\/aviso-legal\\\/\",\"url\":\"https:\\\/\\\/pedrerademeia.geoparcorigens.cat\\\/es\\\/aviso-legal\\\/\",\"name\":\"Aviso legal - Pedrera de Meia - Geoparc Origens\",\"isPartOf\":{\"@id\":\"https:\\\/\\\/pedrerademeia.geoparcorigens.cat\\\/es\\\/#website\"},\"datePublished\":\"2021-07-07T14:46:34+00:00\",\"dateModified\":\"2025-04-02T08:23:05+00:00\",\"breadcrumb\":{\"@id\":\"https:\\\/\\\/pedrerademeia.geoparcorigens.cat\\\/es\\\/aviso-legal\\\/#breadcrumb\"},\"inLanguage\":\"es\",\"potentialAction\":[{\"@type\":\"ReadAction\",\"target\":[\"https:\\\/\\\/pedrerademeia.geoparcorigens.cat\\\/es\\\/aviso-legal\\\/\"]}]},{\"@type\":\"BreadcrumbList\",\"@id\":\"https:\\\/\\\/pedrerademeia.geoparcorigens.cat\\\/es\\\/aviso-legal\\\/#breadcrumb\",\"itemListElement\":[{\"@type\":\"ListItem\",\"position\":1,\"name\":\"Portada\",\"item\":\"https:\\\/\\\/pedrerademeia.geoparcorigens.cat\\\/es\\\/\"},{\"@type\":\"ListItem\",\"position\":2,\"name\":\"Aviso legal\"}]},{\"@type\":\"WebSite\",\"@id\":\"https:\\\/\\\/pedrerademeia.geoparcorigens.cat\\\/es\\\/#website\",\"url\":\"https:\\\/\\\/pedrerademeia.geoparcorigens.cat\\\/es\\\/\",\"name\":\"Pedrera de Meia - Geoparc Origens\",\"description\":\"Otro sitio realizado con WordPress\",\"publisher\":{\"@id\":\"https:\\\/\\\/pedrerademeia.geoparcorigens.cat\\\/es\\\/#organization\"},\"potentialAction\":[{\"@type\":\"SearchAction\",\"target\":{\"@type\":\"EntryPoint\",\"urlTemplate\":\"https:\\\/\\\/pedrerademeia.geoparcorigens.cat\\\/es\\\/?s={search_term_string}\"},\"query-input\":{\"@type\":\"PropertyValueSpecification\",\"valueRequired\":true,\"valueName\":\"search_term_string\"}}],\"inLanguage\":\"es\"},{\"@type\":\"Organization\",\"@id\":\"https:\\\/\\\/pedrerademeia.geoparcorigens.cat\\\/es\\\/#organization\",\"name\":\"Pedrera de Meia - Geoparc Origens\",\"url\":\"https:\\\/\\\/pedrerademeia.geoparcorigens.cat\\\/es\\\/\",\"logo\":{\"@type\":\"ImageObject\",\"inLanguage\":\"es\",\"@id\":\"https:\\\/\\\/pedrerademeia.geoparcorigens.cat\\\/es\\\/#\\\/schema\\\/logo\\\/image\\\/\",\"url\":\"https:\\\/\\\/pedrerademeia.geoparcorigens.cat\\\/wp-content\\\/uploads\\\/cropped-cropped-geoparc_logo_marca_color_transparent.png\",\"contentUrl\":\"https:\\\/\\\/pedrerademeia.geoparcorigens.cat\\\/wp-content\\\/uploads\\\/cropped-cropped-geoparc_logo_marca_color_transparent.png\",\"width\":5197,\"height\":2011,\"caption\":\"Pedrera de Meia - Geoparc Origens\"},\"image\":{\"@id\":\"https:\\\/\\\/pedrerademeia.geoparcorigens.cat\\\/es\\\/#\\\/schema\\\/logo\\\/image\\\/\"}}]}<\/script>\n<!-- \/ Yoast SEO plugin. -->","yoast_head_json":{"title":"Aviso legal - Pedrera de Meia - Geoparc Origens","robots":{"index":"index","follow":"follow","max-snippet":"max-snippet:-1","max-image-preview":"max-image-preview:large","max-video-preview":"max-video-preview:-1"},"canonical":"https:\/\/pedrerademeia.geoparcorigens.cat\/es\/aviso-legal\/","og_locale":"es_ES","og_type":"article","og_title":"Aviso legal - Pedrera de Meia - Geoparc Origens","og_description":"Esta p\u00e1gina web ha sido creada por la Asociaci\u00f3n Geoparque Cuenca de Montsec, con car\u00e1cter informativo. El hecho de acceder a esta p\u00e1gina implica el conocimiento y aceptaci\u00f3n de los siguientes t\u00e9rminos y condiciones: 1. Titularidad de la p\u00e1gina web El nombre del dominio www.geoparcorigens.cat, est\u00e1 registrado a favor de Asociaci\u00f3n Geoparc Conca de Montsec, [&hellip;]","og_url":"https:\/\/pedrerademeia.geoparcorigens.cat\/es\/aviso-legal\/","og_site_name":"Pedrera de Meia - Geoparc Origens","article_modified_time":"2025-04-02T08:23:05+00:00","twitter_card":"summary_large_image","twitter_misc":{"Tiempo de lectura":"4 minutos"},"schema":{"@context":"https:\/\/schema.org","@graph":[{"@type":"WebPage","@id":"https:\/\/pedrerademeia.geoparcorigens.cat\/es\/aviso-legal\/","url":"https:\/\/pedrerademeia.geoparcorigens.cat\/es\/aviso-legal\/","name":"Aviso legal - Pedrera de Meia - Geoparc Origens","isPartOf":{"@id":"https:\/\/pedrerademeia.geoparcorigens.cat\/es\/#website"},"datePublished":"2021-07-07T14:46:34+00:00","dateModified":"2025-04-02T08:23:05+00:00","breadcrumb":{"@id":"https:\/\/pedrerademeia.geoparcorigens.cat\/es\/aviso-legal\/#breadcrumb"},"inLanguage":"es","potentialAction":[{"@type":"ReadAction","target":["https:\/\/pedrerademeia.geoparcorigens.cat\/es\/aviso-legal\/"]}]},{"@type":"BreadcrumbList","@id":"https:\/\/pedrerademeia.geoparcorigens.cat\/es\/aviso-legal\/#breadcrumb","itemListElement":[{"@type":"ListItem","position":1,"name":"Portada","item":"https:\/\/pedrerademeia.geoparcorigens.cat\/es\/"},{"@type":"ListItem","position":2,"name":"Aviso legal"}]},{"@type":"WebSite","@id":"https:\/\/pedrerademeia.geoparcorigens.cat\/es\/#website","url":"https:\/\/pedrerademeia.geoparcorigens.cat\/es\/","name":"Pedrera de Meia - Geoparc Origens","description":"Otro sitio realizado con WordPress","publisher":{"@id":"https:\/\/pedrerademeia.geoparcorigens.cat\/es\/#organization"},"potentialAction":[{"@type":"SearchAction","target":{"@type":"EntryPoint","urlTemplate":"https:\/\/pedrerademeia.geoparcorigens.cat\/es\/?s={search_term_string}"},"query-input":{"@type":"PropertyValueSpecification","valueRequired":true,"valueName":"search_term_string"}}],"inLanguage":"es"},{"@type":"Organization","@id":"https:\/\/pedrerademeia.geoparcorigens.cat\/es\/#organization","name":"Pedrera de Meia - Geoparc Origens","url":"https:\/\/pedrerademeia.geoparcorigens.cat\/es\/","logo":{"@type":"ImageObject","inLanguage":"es","@id":"https:\/\/pedrerademeia.geoparcorigens.cat\/es\/#\/schema\/logo\/image\/","url":"https:\/\/pedrerademeia.geoparcorigens.cat\/wp-content\/uploads\/cropped-cropped-geoparc_logo_marca_color_transparent.png","contentUrl":"https:\/\/pedrerademeia.geoparcorigens.cat\/wp-content\/uploads\/cropped-cropped-geoparc_logo_marca_color_transparent.png","width":5197,"height":2011,"caption":"Pedrera de Meia - Geoparc Origens"},"image":{"@id":"https:\/\/pedrerademeia.geoparcorigens.cat\/es\/#\/schema\/logo\/image\/"}}]}},"_links":{"self":[{"href":"https:\/\/pedrerademeia.geoparcorigens.cat\/es\/wp-json\/wp\/v2\/pages\/9560","targetHints":{"allow":["GET"]}}],"collection":[{"href":"https:\/\/pedrerademeia.geoparcorigens.cat\/es\/wp-json\/wp\/v2\/pages"}],"about":[{"href":"https:\/\/pedrerademeia.geoparcorigens.cat\/es\/wp-json\/wp\/v2\/types\/page"}],"author":[{"embeddable":true,"href":"https:\/\/pedrerademeia.geoparcorigens.cat\/es\/wp-json\/wp\/v2\/users\/1"}],"replies":[{"embeddable":true,"href":"https:\/\/pedrerademeia.geoparcorigens.cat\/es\/wp-json\/wp\/v2\/comments?post=9560"}],"version-history":[{"count":2,"href":"https:\/\/pedrerademeia.geoparcorigens.cat\/es\/wp-json\/wp\/v2\/pages\/9560\/revisions"}],"predecessor-version":[{"id":25747,"href":"https:\/\/pedrerademeia.geoparcorigens.cat\/es\/wp-json\/wp\/v2\/pages\/9560\/revisions\/25747"}],"wp:attachment":[{"href":"https:\/\/pedrerademeia.geoparcorigens.cat\/es\/wp-json\/wp\/v2\/media?parent=9560"}],"curies":[{"name":"wp","href":"https:\/\/api.w.org\/{rel}","templated":true}]}}